{"id":71979,"date":"2022-04-05T15:39:56","date_gmt":"2022-04-05T13:39:56","guid":{"rendered":"https:\/\/nextcloud.com\/almacenamiento\/"},"modified":"2022-10-20T16:20:05","modified_gmt":"2022-10-20T14:20:05","slug":"almacenamiento","status":"publish","type":"page","link":"https:\/\/staging.nextcloud.com\/es\/almacenamiento\/","title":{"rendered":"Almacenamiento"},"content":{"rendered":"<section class=\"page-hero-section gr\"><div class=\"container\">\r\n\t<div class=\"row\">\r\n\t\t<div class=\"col-lg-9\">\r\n\t\t\t<div class=\"section-title\">\r\n\t\t\t\t<h1>Acceda de forma segura a sus datos en cualquier lugar<\/h1><p>Evite la migraci\u00f3n y acceda a sus archivos dondequiera que est\u00e9n almacenados<\/p>\t\t\t<\/div>\r\n\t\t<\/div>\r\n\t<\/div>\r\n<\/div>\r\n<\/section><section class=\"columns6-section\" id=\"\">\r\n\t<div class=\"container\">\r\n\t\t<div class=\"row spacer align-items-center\"><div class=\"col-lg-6 order-lg-1\"><div class=\"col-slider\"><div><\/div><\/div><\/div><div class=\"col-lg-6 order-lg-0\"><div class=\"text-block\"><h3>Desbloquea tus datos<\/h3><div class=\"mobile-media\"><div class=\"col-slider\"><div><\/div><\/div><\/div><p>Avoid costly and disruptive migrations and retain your existing, compliant workflows and processes while enabling your employees to collaborate and work efficiently. Nextcloud unlocks corporate data silos, bringing together data from your existing storage systems in one seamless user interface.<\/p>\n<p>Your IT stays in control of the data thanks to powerful <a class=\"hyperlink\" href=\"https:\/\/nextcloud.com\/workflow\/\">Control de Acceso a archivos<\/a> and <a class=\"hyperlink\" href=\"https:\/\/nextcloud.com\/monitoring\/\">logging<\/a> capabilities.<\/p>\n<\/div><\/div><\/div>\t<\/div>\r\n<\/section><section class=\"promo-section  \" id=\"\" style=\"\" data-expiration=\"\">\n\t<div class=\"container\">\n\t\t<div class=\"row\">\n\t\t\t<div class=\"col-12\">\n\t\t\t\t<div class=\"text-block\">\n\t\t\t\t\t<h2>Unidad de red de Windows<\/h2><p>Descargue nuestra hoja de datos gratuita de Windows Network Drive.<\/p>\n<a class=\"c-btn btn-white\" href=\"https:\/\/nextcloud.com\/whitepapers\/\" target=\"_self\">Descargar ahora<\/a>\t\t\t\t<\/div>\n\t\t\t<\/div>\n\t\t<\/div>\n\t<\/div>\n<\/section>\n<section class=\"columns6-section\" id=\"\">\r\n\t<div class=\"container\">\r\n\t\t<div class=\"row spacer align-items-center\"><div class=\"col-lg-6 order-lg-1\"><div class=\"col-slider\"><div><\/div><\/div><\/div><div class=\"col-lg-6 order-lg-0\"><div class=\"text-block\"><h3>P\u00fablico, privado e h\u00edbrido unificado<\/h3><div class=\"mobile-media\"><div class=\"col-slider\"><div><\/div><\/div><\/div><p>Acceda a los silos de almacenamiento existentes como FTP, unidades de red de Windows, SharePoint y recursos compartidos de Samba sin problemas a trav\u00e9s de Nextcloud. Proteja y optimice el uso de los datos de acuerdo con el cumplimiento de la normativa y la pol\u00edtica de la empresa, controlando el uso compartido y el rendimiento de cada sistema de almacenamiento externo.<\/p>\n<p>Utilice Nextcloud para ajustar el equilibrio entre coste, disponibilidad, rendimiento y seguridad. Despliegue varios sistemas de almacenamiento de datos en la nube p\u00fablica o alojados con un proveedor de confianza o en las instalaciones.<\/p>\n<\/div><\/div><\/div><div class=\"row spacer align-items-center\"><div class=\"col-lg-6 order-lg-0\"><div class=\"col-slider\"><div><\/div><\/div><\/div><div class=\"col-lg-6 order-lg-1\"><div class=\"text-block\"><h3>Vista coherente del sistema de archivos con Nextcloud e IBM Spectrum Scale<\/h3><div class=\"mobile-media\"><div class=\"col-slider\"><div><\/div><\/div><\/div><p>Una colaboraci\u00f3n entre Nextcloud e IBM ha hecho que la plataforma l\u00edder de almacenamiento de archivos a gran escala y la plataforma l\u00edder de colaboraci\u00f3n de contenidos encajen perfectamente para almacenar, compartir y trabajar con grandes vol\u00famenes de datos. Una herramienta de integraci\u00f3n desarrollada con IBM para el acelerador de part\u00edculas alem\u00e1n DESY y la Universidad de Augsburgo recibe eventos de Spectrum Scale Watch cada vez que se modifica un archivo en el sistema de archivos de Spectrum Scale.<\/p>\n<a class=\"c-btn btn-white\" href=\"https:\/\/nextcloud.com\/blog\/consistent-file-system-view-with-nextcloud-and-ibm-spectrum-scale\/\" target=\"_self\">Blog de anuncios<\/a><\/div><\/div><\/div>\t<\/div>\r\n<\/section><section class=\"promo-section  \" id=\"\" style=\"\" data-expiration=\"\">\n\t<div class=\"container\">\n\t\t<div class=\"row\">\n\t\t\t<div class=\"col-12\">\n\t\t\t\t<div class=\"text-block\">\n\t\t\t\t\t<h2>Integraci\u00f3n de SharePoint<\/h2><p>Descargue nuestra hoja de datos gratuita sobre SharePoint como almacenamiento externo.<\/p>\n<a class=\"c-btn btn-white\" href=\"https:\/\/nextcloud.com\/whitepapers\/\" target=\"_self\">Descargar ahora<\/a>\t\t\t\t<\/div>\n\t\t\t<\/div>\n\t\t<\/div>\n\t<\/div>\n<\/section>\n<section class=\"columns6-section\" id=\"\">\r\n\t<div class=\"container\">\r\n\t\t<div class=\"row\"><div class=\"col-12\"><div class=\"section-title\"><h2>Cualquier tecnolog\u00eda de almacenamiento que necesite<\/h2><\/div><\/div><\/div><div class=\"row spacer align-items-center\"><div class=\"col-lg-6 order-lg-1\"><div class=\"col-slider\"><div><\/div><\/div><\/div><div class=\"col-lg-6 order-lg-0\"><div class=\"text-block\"><div class=\"mobile-media\"><div class=\"col-slider\"><div><\/div><\/div><\/div><p>Some of the storage technologies supported in Nextcloud include NFS and local storage as well as scalable, multi-bucket capable object storage like S3 and SWIFT compatible and CIFS\/Windows Shares. Nextcloud can also seamlessly access files on (s)FTP, SharePoint systems and more.<\/p>\n<p>Advanced capabilities and additional tools to enhance performance on large instances or using SAML and Kerberos tickets to authenticate to a SMB share are available and documented on the <a class=\"hyperlink\" href=\"https:\/\/portal.nextcloud.com\">Nextcloud customer portal.<\/a><\/p>\n<\/div><\/div><\/div>\t<\/div>\r\n<\/section><section class=\"promo-section  \" id=\"\" style=\"\" data-expiration=\"\">\n\t<div class=\"container\">\n\t\t<div class=\"row\">\n\t\t\t<div class=\"col-12\">\n\t\t\t\t<div class=\"text-block\">\n\t\t\t\t\t<p>P\u00f3ngase en contacto con nuestro equipo de ventas si desea conocer el soporte para su tecnolog\u00eda de almacenamiento empresarial y la integraci\u00f3n en Nextcloud.<\/p>\n<a class=\"c-btn btn-white\" href=\"https:\/\/nextcloud.com\/get-a-quote\/\" target=\"_self\">Contacto con ventas<\/a>\t\t\t\t<\/div>\n\t\t\t<\/div>\n\t\t<\/div>\n\t<\/div>\n<\/section>\n<section class=\"columns6-section\" id=\"\">\r\n\t<div class=\"container\">\r\n\t\t<div class=\"row\"><div class=\"col-12\"><div class=\"section-title\"><h2>Datos encriptados de forma segura<\/h2><\/div><\/div><\/div><div class=\"row spacer align-items-center\"><div class=\"col-lg-6 order-lg-1\"><div class=\"col-slider\"><div><\/div><\/div><\/div><div class=\"col-lg-6 order-lg-0\"><div class=\"text-block\"><div class=\"mobile-media\"><div class=\"col-slider\"><div><\/div><\/div><\/div><p>Server side encryption can optionally be enabled on select external or primary storage to securely encrypt the data residing on them. Nextcloud supports external key management, a master recovery password and changing passwords by users.<\/p>\n<p>Learn more about Nextcloud server side encryption  <a class=\"hyperlink\" href=\"https:\/\/docs.nextcloud.com\/server\/latest\/admin_manual\/configuration_files\/encryption_configuration.html\" target=\"_blank\">in the documentation<\/a> and learn more about <a class=\"hyperlink\" href=\"https:\/\/nextcloud.com\/es\/seguridad\/\">security in Nextcloud<\/a><\/p>\n<\/div><\/div><\/div>\t<\/div>\r\n<\/section><section class=\"columns-section\" id=\"\">\r\n\t<div class=\"container\">\r\n\t\t<div class=\"row spacer align-items-center\"><div class=\"col-lg-6 right-orient order-lg-1\"><div class=\"image-block\"><img decoding=\"async\" src=\"https:\/\/staging.nextcloud.com\/wp-content\/uploads\/2022\/04\/appstore-big-1.png\" alt=\"\"\/><\/div><\/div><div class=\"col-lg-6 order-lg-0\"><div class=\"text-block\"><h2>Ampl\u00ede su nube<\/h2><img decoding=\"async\" class=\"mobile-media\" src=\"https:\/\/staging.nextcloud.com\/wp-content\/uploads\/2022\/04\/appstore-big-1.png\" alt=\"\"\/><p>Puedes ampliar la funcionalidad de tu Nextcloud con caracter\u00edsticas adicionales de la tienda de aplicaciones de Nextcloud. Entre las m\u00e1s de 200 aplicaciones puedes encontrar una variedad de soluciones de almacenamiento, incluyendo el soporte de almacenamiento Sia, una innovadora tecnolog\u00eda de almacenamiento de archivos descentralizada y basada en blockchain.<\/p>\n<a class=\"c-btn btn-blue\" href=\"https:\/\/apps.nextcloud.com\/\" target=\"_self\">App store<\/a><\/div><\/div><\/div>\t<\/div>\r\n<\/section>","protected":false},"excerpt":{"rendered":"","protected":false},"author":2,"featured_media":0,"parent":0,"menu_order":0,"comment_status":"closed","ping_status":"closed","template":"","meta":{"_acf_changed":false,"inline_featured_image":false,"footnotes":""},"tags":[],"class_list":["post-71979","page","type-page","status-publish","hentry"],"acf":[],"yoast_head":"<!-- This site is optimized with the Yoast SEO plugin v27.6 - https:\/\/yoast.com\/product\/yoast-seo-wordpress\/ -->\n<title>Almacenamiento - Nextcloud<\/title>\n<meta name=\"robots\" content=\"noindex, follow, max-snippet:-1, max-image-preview:large, max-video-preview:-1\" \/>\n<meta property=\"og:locale\" content=\"es_ES\" \/>\n<meta property=\"og:type\" content=\"article\" \/>\n<meta property=\"og:title\" content=\"Almacenamiento - Nextcloud\" \/>\n<meta property=\"og:url\" content=\"https:\/\/staging.nextcloud.com\/es\/almacenamiento\/\" \/>\n<meta property=\"og:site_name\" content=\"Nextcloud\" \/>\n<meta property=\"article:publisher\" content=\"https:\/\/www.facebook.com\/Nextclouders\/\" \/>\n<meta property=\"article:modified_time\" content=\"2022-10-20T14:20:05+00:00\" \/>\n<meta name=\"twitter:card\" content=\"summary_large_image\" \/>\n<meta name=\"twitter:site\" content=\"@nextclouders\" \/>\n<script type=\"application\/ld+json\" class=\"yoast-schema-graph\">{\"@context\":\"https:\\\/\\\/schema.org\",\"@graph\":[{\"@type\":\"WebPage\",\"@id\":\"https:\\\/\\\/staging.nextcloud.com\\\/es\\\/almacenamiento\\\/\",\"url\":\"https:\\\/\\\/staging.nextcloud.com\\\/es\\\/almacenamiento\\\/\",\"name\":\"Almacenamiento - Nextcloud\",\"isPartOf\":{\"@id\":\"https:\\\/\\\/staging.nextcloud.com\\\/es\\\/#website\"},\"datePublished\":\"2022-04-05T13:39:56+00:00\",\"dateModified\":\"2022-10-20T14:20:05+00:00\",\"breadcrumb\":{\"@id\":\"https:\\\/\\\/staging.nextcloud.com\\\/es\\\/almacenamiento\\\/#breadcrumb\"},\"inLanguage\":\"es\",\"potentialAction\":[{\"@type\":\"ReadAction\",\"target\":[\"https:\\\/\\\/staging.nextcloud.com\\\/es\\\/almacenamiento\\\/\"]}]},{\"@type\":\"BreadcrumbList\",\"@id\":\"https:\\\/\\\/staging.nextcloud.com\\\/es\\\/almacenamiento\\\/#breadcrumb\",\"itemListElement\":[{\"@type\":\"ListItem\",\"position\":1,\"name\":\"Home\",\"item\":\"https:\\\/\\\/staging.nextcloud.com\\\/es\\\/\"},{\"@type\":\"ListItem\",\"position\":2,\"name\":\"Almacenamiento\"}]},{\"@type\":\"WebSite\",\"@id\":\"https:\\\/\\\/staging.nextcloud.com\\\/es\\\/#website\",\"url\":\"https:\\\/\\\/staging.nextcloud.com\\\/es\\\/\",\"name\":\"Nextcloud\",\"description\":\"Regain control over your data\",\"publisher\":{\"@id\":\"https:\\\/\\\/staging.nextcloud.com\\\/es\\\/#organization\"},\"potentialAction\":[{\"@type\":\"SearchAction\",\"target\":{\"@type\":\"EntryPoint\",\"urlTemplate\":\"https:\\\/\\\/staging.nextcloud.com\\\/es\\\/?s={search_term_string}\"},\"query-input\":{\"@type\":\"PropertyValueSpecification\",\"valueRequired\":true,\"valueName\":\"search_term_string\"}}],\"inLanguage\":\"es\"},{\"@type\":\"Organization\",\"@id\":\"https:\\\/\\\/staging.nextcloud.com\\\/es\\\/#organization\",\"name\":\"Nextcloud\",\"url\":\"https:\\\/\\\/staging.nextcloud.com\\\/es\\\/\",\"logo\":{\"@type\":\"ImageObject\",\"inLanguage\":\"es\",\"@id\":\"https:\\\/\\\/staging.nextcloud.com\\\/es\\\/#\\\/schema\\\/logo\\\/image\\\/\",\"url\":\"https:\\\/\\\/staging.nextcloud.com\\\/c\\\/uploads\\\/2022\\\/10\\\/nextcloud-logo-blue-transparent.svg\",\"contentUrl\":\"https:\\\/\\\/staging.nextcloud.com\\\/c\\\/uploads\\\/2022\\\/10\\\/nextcloud-logo-blue-transparent.svg\",\"width\":\"1024\",\"height\":\"1024\",\"caption\":\"Nextcloud\"},\"image\":{\"@id\":\"https:\\\/\\\/staging.nextcloud.com\\\/es\\\/#\\\/schema\\\/logo\\\/image\\\/\"},\"sameAs\":[\"https:\\\/\\\/www.facebook.com\\\/Nextclouders\\\/\",\"https:\\\/\\\/x.com\\\/nextclouders\",\"https:\\\/\\\/www.linkedin.com\\\/company\\\/10827569\\\/\",\"https:\\\/\\\/youtube.com\\\/nextcloud\",\"https:\\\/\\\/www.instagram.com\\\/nextclouders\\\/\"]}]}<\/script>\n<!-- \/ Yoast SEO plugin. -->","yoast_head_json":{"title":"Almacenamiento - Nextcloud","robots":{"index":"noindex","follow":"follow","max-snippet":"max-snippet:-1","max-image-preview":"max-image-preview:large","max-video-preview":"max-video-preview:-1"},"og_locale":"es_ES","og_type":"article","og_title":"Almacenamiento - Nextcloud","og_url":"https:\/\/staging.nextcloud.com\/es\/almacenamiento\/","og_site_name":"Nextcloud","article_publisher":"https:\/\/www.facebook.com\/Nextclouders\/","article_modified_time":"2022-10-20T14:20:05+00:00","twitter_card":"summary_large_image","twitter_site":"@nextclouders","schema":{"@context":"https:\/\/schema.org","@graph":[{"@type":"WebPage","@id":"https:\/\/staging.nextcloud.com\/es\/almacenamiento\/","url":"https:\/\/staging.nextcloud.com\/es\/almacenamiento\/","name":"Almacenamiento - Nextcloud","isPartOf":{"@id":"https:\/\/staging.nextcloud.com\/es\/#website"},"datePublished":"2022-04-05T13:39:56+00:00","dateModified":"2022-10-20T14:20:05+00:00","breadcrumb":{"@id":"https:\/\/staging.nextcloud.com\/es\/almacenamiento\/#breadcrumb"},"inLanguage":"es","potentialAction":[{"@type":"ReadAction","target":["https:\/\/staging.nextcloud.com\/es\/almacenamiento\/"]}]},{"@type":"BreadcrumbList","@id":"https:\/\/staging.nextcloud.com\/es\/almacenamiento\/#breadcrumb","itemListElement":[{"@type":"ListItem","position":1,"name":"Home","item":"https:\/\/staging.nextcloud.com\/es\/"},{"@type":"ListItem","position":2,"name":"Almacenamiento"}]},{"@type":"WebSite","@id":"https:\/\/staging.nextcloud.com\/es\/#website","url":"https:\/\/staging.nextcloud.com\/es\/","name":"Nextcloud","description":"Regain control over your data","publisher":{"@id":"https:\/\/staging.nextcloud.com\/es\/#organization"},"potentialAction":[{"@type":"SearchAction","target":{"@type":"EntryPoint","urlTemplate":"https:\/\/staging.nextcloud.com\/es\/?s={search_term_string}"},"query-input":{"@type":"PropertyValueSpecification","valueRequired":true,"valueName":"search_term_string"}}],"inLanguage":"es"},{"@type":"Organization","@id":"https:\/\/staging.nextcloud.com\/es\/#organization","name":"Nextcloud","url":"https:\/\/staging.nextcloud.com\/es\/","logo":{"@type":"ImageObject","inLanguage":"es","@id":"https:\/\/staging.nextcloud.com\/es\/#\/schema\/logo\/image\/","url":"https:\/\/staging.nextcloud.com\/c\/uploads\/2022\/10\/nextcloud-logo-blue-transparent.svg","contentUrl":"https:\/\/staging.nextcloud.com\/c\/uploads\/2022\/10\/nextcloud-logo-blue-transparent.svg","width":"1024","height":"1024","caption":"Nextcloud"},"image":{"@id":"https:\/\/staging.nextcloud.com\/es\/#\/schema\/logo\/image\/"},"sameAs":["https:\/\/www.facebook.com\/Nextclouders\/","https:\/\/x.com\/nextclouders","https:\/\/www.linkedin.com\/company\/10827569\/","https:\/\/youtube.com\/nextcloud","https:\/\/www.instagram.com\/nextclouders\/"]}]}},"_links":{"self":[{"href":"https:\/\/staging.nextcloud.com\/es\/wp-json\/wp\/v2\/pages\/71979","targetHints":{"allow":["GET"]}}],"collection":[{"href":"https:\/\/staging.nextcloud.com\/es\/wp-json\/wp\/v2\/pages"}],"about":[{"href":"https:\/\/staging.nextcloud.com\/es\/wp-json\/wp\/v2\/types\/page"}],"author":[{"embeddable":true,"href":"https:\/\/staging.nextcloud.com\/es\/wp-json\/wp\/v2\/users\/2"}],"replies":[{"embeddable":true,"href":"https:\/\/staging.nextcloud.com\/es\/wp-json\/wp\/v2\/comments?post=71979"}],"version-history":[{"count":3,"href":"https:\/\/staging.nextcloud.com\/es\/wp-json\/wp\/v2\/pages\/71979\/revisions"}],"predecessor-version":[{"id":72076,"href":"https:\/\/staging.nextcloud.com\/es\/wp-json\/wp\/v2\/pages\/71979\/revisions\/72076"}],"wp:attachment":[{"href":"https:\/\/staging.nextcloud.com\/es\/wp-json\/wp\/v2\/media?parent=71979"}],"wp:term":[{"taxonomy":"post_tag","embeddable":true,"href":"https:\/\/staging.nextcloud.com\/es\/wp-json\/wp\/v2\/tags?post=71979"}],"curies":[{"name":"wp","href":"https:\/\/api.w.org\/{rel}","templated":true}]}}