{"id":71977,"date":"2022-04-05T15:42:18","date_gmt":"2022-04-05T13:42:18","guid":{"rendered":"https:\/\/nextcloud.com\/busqueda-unificada\/"},"modified":"2022-10-20T16:20:05","modified_gmt":"2022-10-20T14:20:05","slug":"busqueda-unificada","status":"publish","type":"page","link":"https:\/\/staging.nextcloud.com\/es\/busqueda-unificada\/","title":{"rendered":"B\u00fasqueda unificada"},"content":{"rendered":"<section class=\"page-hero-section gr\"><div class=\"container\">\r\n\t<div class=\"row\">\r\n\t\t<div class=\"col-lg-9\">\r\n\t\t\t<div class=\"section-title\">\r\n\t\t\t\t<h1>B\u00fasqueda unificada<\/h1><p>Encuentre lo que busca<\/p>\t\t\t<\/div>\r\n\t\t<\/div>\r\n\t<\/div>\r\n<\/div>\r\n<\/section><section class=\"columns6-section\" id=\"\">\r\n\t<div class=\"container\">\r\n\t\t<div class=\"row\"><div class=\"col-12\"><div class=\"section-title\"><h2>Encuentre todo en un solo lugar<\/h2><\/div><\/div><\/div><div class=\"row spacer align-items-center\"><div class=\"col-lg-6 order-lg-1\"><div class=\"col-slider\"><div><div class=\"video-block\"><iframe src=\"https:\/\/player.vimeo.com\/video\/555766609?badge=0&amp;autopause=0&amp;dnt=1&amp;player_id=0&amp;app_id=58479\" frameborder=\"0\" allow=\"autoplay; fullscreen; picture-in-picture\" allowfullscreen=\"\" title=\"Universal search video\"><\/iframe><\/div><\/div><\/div><\/div><div class=\"col-lg-6 order-lg-0\"><div class=\"text-block\"><div class=\"mobile-media\"><div class=\"col-slider\"><div><div class=\"video-block\"><iframe src=\"https:\/\/player.vimeo.com\/video\/555766609?badge=0&amp;autopause=0&amp;dnt=1&amp;player_id=0&amp;app_id=58479\" frameborder=\"0\" allow=\"autoplay; fullscreen; picture-in-picture\" allowfullscreen=\"\" title=\"Universal search video\"><\/iframe><\/div><\/div><\/div><\/div><p>En la parte superior derecha de tu ventana de Nextcloud, un cristal de b\u00fasqueda muestra los resultados de la b\u00fasqueda en todo Nextcloud. Se pueden instalar proveedores de b\u00fasqueda adicionales y hay m\u00e1s de una docena de proveedores de b\u00fasqueda diferentes disponibles para mostrarte problemas de Github, cursos de Moodle, tickets de Jira y m\u00e1s<\/p>\n<\/div><\/div><\/div><div class=\"row spacer align-items-center\"><div class=\"col-lg-6 order-lg-0\"><div class=\"col-slider\"><div><\/div><\/div><\/div><div class=\"col-lg-6 order-lg-1\"><div class=\"text-block\"><h3>Opciones integradas y de terceros<\/h3><div class=\"mobile-media\"><div class=\"col-slider\"><div><\/div><\/div><\/div><p>Las aplicaciones principales de Nextcloud, como Files, Calendar, Contacts, Talk, Mail y Deck, proporcionan resultados en una b\u00fasqueda unificada. Una amplia gama de aplicaciones de integraci\u00f3n proporcionan resultados de terceros como las plataformas de gesti\u00f3n de c\u00f3digo fuente Github y Gitlab, sistemas de tickets como Jira y Zammad, plataformas de aprendizaje electr\u00f3nico como Moodle, medios sociales y plataformas de foros como Twitter, Redditm Discourse y muchos m\u00e1s. Los desarrolladores pueden crear sus propias adiciones f\u00e1cilmente y muchas aplicaciones est\u00e1n disponibles en nuestra tienda de aplicaciones.<\/p>\n<a class=\"c-btn btn-white\" href=\"https:\/\/apps.nextcloud.com\/categories\/search\" target=\"_self\">Integraciones en la tienda de aplicaciones<\/a><\/div><\/div><\/div><div class=\"row spacer align-items-center\"><div class=\"col-lg-6 order-lg-1\"><div class=\"col-slider\"><div><\/div><\/div><\/div><div class=\"col-lg-6 order-lg-0\"><div class=\"text-block\"><h3>B\u00fasqueda potente<\/h3><div class=\"mobile-media\"><div class=\"col-slider\"><div><\/div><\/div><\/div><p>Nextcloud incluye un potente motor de b\u00fasqueda de texto completo capaz de utilizar ElasticSearch como back-end. Su flexible interfaz basada en plugins permite realizar b\u00fasquedas m\u00e1s all\u00e1 de los archivos y se adapta a otras soluciones de back-end como Apache Solr.<\/p>\n<a class=\"c-btn btn-white\" href=\"https:\/\/apps.nextcloud.com\/categories\/search\" target=\"_self\">B\u00fasqueda de texto completo<\/a><\/div><\/div><\/div>\t<\/div>\r\n<\/section>","protected":false},"excerpt":{"rendered":"","protected":false},"author":2,"featured_media":0,"parent":0,"menu_order":0,"comment_status":"closed","ping_status":"closed","template":"","meta":{"_acf_changed":false,"inline_featured_image":false,"footnotes":""},"tags":[],"class_list":["post-71977","page","type-page","status-publish","hentry"],"acf":[],"yoast_head":"<!-- This site is optimized with the Yoast SEO plugin v27.6 - https:\/\/yoast.com\/product\/yoast-seo-wordpress\/ -->\n<title>B\u00fasqueda unificada - Nextcloud<\/title>\n<meta name=\"robots\" content=\"noindex, follow, max-snippet:-1, max-image-preview:large, max-video-preview:-1\" \/>\n<meta property=\"og:locale\" content=\"es_ES\" \/>\n<meta property=\"og:type\" content=\"article\" \/>\n<meta property=\"og:title\" content=\"B\u00fasqueda unificada - Nextcloud\" \/>\n<meta property=\"og:url\" content=\"https:\/\/staging.nextcloud.com\/es\/busqueda-unificada\/\" \/>\n<meta property=\"og:site_name\" content=\"Nextcloud\" \/>\n<meta property=\"article:publisher\" content=\"https:\/\/www.facebook.com\/Nextclouders\/\" \/>\n<meta property=\"article:modified_time\" content=\"2022-10-20T14:20:05+00:00\" \/>\n<meta name=\"twitter:card\" content=\"summary_large_image\" \/>\n<meta name=\"twitter:site\" content=\"@nextclouders\" \/>\n<script type=\"application\/ld+json\" class=\"yoast-schema-graph\">{\"@context\":\"https:\\\/\\\/schema.org\",\"@graph\":[{\"@type\":\"WebPage\",\"@id\":\"https:\\\/\\\/staging.nextcloud.com\\\/es\\\/busqueda-unificada\\\/\",\"url\":\"https:\\\/\\\/staging.nextcloud.com\\\/es\\\/busqueda-unificada\\\/\",\"name\":\"B\u00fasqueda unificada - Nextcloud\",\"isPartOf\":{\"@id\":\"https:\\\/\\\/staging.nextcloud.com\\\/es\\\/#website\"},\"datePublished\":\"2022-04-05T13:42:18+00:00\",\"dateModified\":\"2022-10-20T14:20:05+00:00\",\"breadcrumb\":{\"@id\":\"https:\\\/\\\/staging.nextcloud.com\\\/es\\\/busqueda-unificada\\\/#breadcrumb\"},\"inLanguage\":\"es\",\"potentialAction\":[{\"@type\":\"ReadAction\",\"target\":[\"https:\\\/\\\/staging.nextcloud.com\\\/es\\\/busqueda-unificada\\\/\"]}]},{\"@type\":\"BreadcrumbList\",\"@id\":\"https:\\\/\\\/staging.nextcloud.com\\\/es\\\/busqueda-unificada\\\/#breadcrumb\",\"itemListElement\":[{\"@type\":\"ListItem\",\"position\":1,\"name\":\"Home\",\"item\":\"https:\\\/\\\/staging.nextcloud.com\\\/es\\\/\"},{\"@type\":\"ListItem\",\"position\":2,\"name\":\"B\u00fasqueda unificada\"}]},{\"@type\":\"WebSite\",\"@id\":\"https:\\\/\\\/staging.nextcloud.com\\\/es\\\/#website\",\"url\":\"https:\\\/\\\/staging.nextcloud.com\\\/es\\\/\",\"name\":\"Nextcloud\",\"description\":\"Regain control over your data\",\"publisher\":{\"@id\":\"https:\\\/\\\/staging.nextcloud.com\\\/es\\\/#organization\"},\"potentialAction\":[{\"@type\":\"SearchAction\",\"target\":{\"@type\":\"EntryPoint\",\"urlTemplate\":\"https:\\\/\\\/staging.nextcloud.com\\\/es\\\/?s={search_term_string}\"},\"query-input\":{\"@type\":\"PropertyValueSpecification\",\"valueRequired\":true,\"valueName\":\"search_term_string\"}}],\"inLanguage\":\"es\"},{\"@type\":\"Organization\",\"@id\":\"https:\\\/\\\/staging.nextcloud.com\\\/es\\\/#organization\",\"name\":\"Nextcloud\",\"url\":\"https:\\\/\\\/staging.nextcloud.com\\\/es\\\/\",\"logo\":{\"@type\":\"ImageObject\",\"inLanguage\":\"es\",\"@id\":\"https:\\\/\\\/staging.nextcloud.com\\\/es\\\/#\\\/schema\\\/logo\\\/image\\\/\",\"url\":\"https:\\\/\\\/staging.nextcloud.com\\\/c\\\/uploads\\\/2022\\\/10\\\/nextcloud-logo-blue-transparent.svg\",\"contentUrl\":\"https:\\\/\\\/staging.nextcloud.com\\\/c\\\/uploads\\\/2022\\\/10\\\/nextcloud-logo-blue-transparent.svg\",\"width\":\"1024\",\"height\":\"1024\",\"caption\":\"Nextcloud\"},\"image\":{\"@id\":\"https:\\\/\\\/staging.nextcloud.com\\\/es\\\/#\\\/schema\\\/logo\\\/image\\\/\"},\"sameAs\":[\"https:\\\/\\\/www.facebook.com\\\/Nextclouders\\\/\",\"https:\\\/\\\/x.com\\\/nextclouders\",\"https:\\\/\\\/www.linkedin.com\\\/company\\\/10827569\\\/\",\"https:\\\/\\\/youtube.com\\\/nextcloud\",\"https:\\\/\\\/www.instagram.com\\\/nextclouders\\\/\"]}]}<\/script>\n<!-- \/ Yoast SEO plugin. -->","yoast_head_json":{"title":"B\u00fasqueda unificada - Nextcloud","robots":{"index":"noindex","follow":"follow","max-snippet":"max-snippet:-1","max-image-preview":"max-image-preview:large","max-video-preview":"max-video-preview:-1"},"og_locale":"es_ES","og_type":"article","og_title":"B\u00fasqueda unificada - Nextcloud","og_url":"https:\/\/staging.nextcloud.com\/es\/busqueda-unificada\/","og_site_name":"Nextcloud","article_publisher":"https:\/\/www.facebook.com\/Nextclouders\/","article_modified_time":"2022-10-20T14:20:05+00:00","twitter_card":"summary_large_image","twitter_site":"@nextclouders","schema":{"@context":"https:\/\/schema.org","@graph":[{"@type":"WebPage","@id":"https:\/\/staging.nextcloud.com\/es\/busqueda-unificada\/","url":"https:\/\/staging.nextcloud.com\/es\/busqueda-unificada\/","name":"B\u00fasqueda unificada - Nextcloud","isPartOf":{"@id":"https:\/\/staging.nextcloud.com\/es\/#website"},"datePublished":"2022-04-05T13:42:18+00:00","dateModified":"2022-10-20T14:20:05+00:00","breadcrumb":{"@id":"https:\/\/staging.nextcloud.com\/es\/busqueda-unificada\/#breadcrumb"},"inLanguage":"es","potentialAction":[{"@type":"ReadAction","target":["https:\/\/staging.nextcloud.com\/es\/busqueda-unificada\/"]}]},{"@type":"BreadcrumbList","@id":"https:\/\/staging.nextcloud.com\/es\/busqueda-unificada\/#breadcrumb","itemListElement":[{"@type":"ListItem","position":1,"name":"Home","item":"https:\/\/staging.nextcloud.com\/es\/"},{"@type":"ListItem","position":2,"name":"B\u00fasqueda unificada"}]},{"@type":"WebSite","@id":"https:\/\/staging.nextcloud.com\/es\/#website","url":"https:\/\/staging.nextcloud.com\/es\/","name":"Nextcloud","description":"Regain control over your data","publisher":{"@id":"https:\/\/staging.nextcloud.com\/es\/#organization"},"potentialAction":[{"@type":"SearchAction","target":{"@type":"EntryPoint","urlTemplate":"https:\/\/staging.nextcloud.com\/es\/?s={search_term_string}"},"query-input":{"@type":"PropertyValueSpecification","valueRequired":true,"valueName":"search_term_string"}}],"inLanguage":"es"},{"@type":"Organization","@id":"https:\/\/staging.nextcloud.com\/es\/#organization","name":"Nextcloud","url":"https:\/\/staging.nextcloud.com\/es\/","logo":{"@type":"ImageObject","inLanguage":"es","@id":"https:\/\/staging.nextcloud.com\/es\/#\/schema\/logo\/image\/","url":"https:\/\/staging.nextcloud.com\/c\/uploads\/2022\/10\/nextcloud-logo-blue-transparent.svg","contentUrl":"https:\/\/staging.nextcloud.com\/c\/uploads\/2022\/10\/nextcloud-logo-blue-transparent.svg","width":"1024","height":"1024","caption":"Nextcloud"},"image":{"@id":"https:\/\/staging.nextcloud.com\/es\/#\/schema\/logo\/image\/"},"sameAs":["https:\/\/www.facebook.com\/Nextclouders\/","https:\/\/x.com\/nextclouders","https:\/\/www.linkedin.com\/company\/10827569\/","https:\/\/youtube.com\/nextcloud","https:\/\/www.instagram.com\/nextclouders\/"]}]}},"_links":{"self":[{"href":"https:\/\/staging.nextcloud.com\/es\/wp-json\/wp\/v2\/pages\/71977","targetHints":{"allow":["GET"]}}],"collection":[{"href":"https:\/\/staging.nextcloud.com\/es\/wp-json\/wp\/v2\/pages"}],"about":[{"href":"https:\/\/staging.nextcloud.com\/es\/wp-json\/wp\/v2\/types\/page"}],"author":[{"embeddable":true,"href":"https:\/\/staging.nextcloud.com\/es\/wp-json\/wp\/v2\/users\/2"}],"replies":[{"embeddable":true,"href":"https:\/\/staging.nextcloud.com\/es\/wp-json\/wp\/v2\/comments?post=71977"}],"version-history":[{"count":3,"href":"https:\/\/staging.nextcloud.com\/es\/wp-json\/wp\/v2\/pages\/71977\/revisions"}],"predecessor-version":[{"id":72074,"href":"https:\/\/staging.nextcloud.com\/es\/wp-json\/wp\/v2\/pages\/71977\/revisions\/72074"}],"wp:attachment":[{"href":"https:\/\/staging.nextcloud.com\/es\/wp-json\/wp\/v2\/media?parent=71977"}],"wp:term":[{"taxonomy":"post_tag","embeddable":true,"href":"https:\/\/staging.nextcloud.com\/es\/wp-json\/wp\/v2\/tags?post=71977"}],"curies":[{"name":"wp","href":"https:\/\/api.w.org\/{rel}","templated":true}]}}