{"id":71946,"date":"2022-04-06T12:01:40","date_gmt":"2022-04-06T10:01:40","guid":{"rendered":"https:\/\/nextcloud.com\/descarga-de-archivos\/"},"modified":"2022-10-20T16:20:01","modified_gmt":"2022-10-20T14:20:01","slug":"descarga-de-archivos","status":"publish","type":"page","link":"https:\/\/staging.nextcloud.com\/es\/descarga-de-archivos\/","title":{"rendered":"Descarga de archivos"},"content":{"rendered":"<section class=\"page-hero-section gr\"><div class=\"container\">\r\n\t<div class=\"row\">\r\n\t\t<div class=\"col-lg-9\">\r\n\t\t\t<div class=\"section-title\">\r\n\t\t\t\t<h1>Descarga de archivos<\/h1><p>Intercambio de archivos c\u00f3modo y seguro para las empresas<\/p>\t\t\t<\/div>\r\n\t\t<\/div>\r\n\t<\/div>\r\n<\/div>\r\n<\/section><section class=\"columns6-section\" id=\"\">\r\n\t<div class=\"container\">\r\n\t\t<div class=\"row spacer align-items-center\"><div class=\"col-lg-6 order-lg-1\"><div class=\"col-slider\"><div><div class=\"video-block\"><iframe src=\"https:\/\/player.vimeo.com\/video\/556890169?badge=0&amp;autopause=0&amp;dnt=1&amp;player_id=0&amp;app_id=58479\" frameborder=\"0\" allow=\"autoplay; fullscreen; picture-in-picture\" allowfullscreen=\"\" title=\"Nextcloud File Drop\"><\/iframe><\/div><\/div><\/div><\/div><div class=\"col-lg-6 order-lg-0\"><div class=\"text-block\"><div class=\"mobile-media\"><div class=\"col-slider\"><div><div class=\"video-block\"><iframe src=\"https:\/\/player.vimeo.com\/video\/556890169?badge=0&amp;autopause=0&amp;dnt=1&amp;player_id=0&amp;app_id=58479\" frameborder=\"0\" allow=\"autoplay; fullscreen; picture-in-picture\" allowfullscreen=\"\" title=\"Nextcloud File Drop\"><\/iframe><\/div><\/div><\/div><\/div><p>La funci\u00f3n File Drop de Nextcloud Files permite a los clientes, pacientes o socios subir archivos por ti en una carpeta segura en la nube que hayas compartido a trav\u00e9s de un hiperv\u00ednculo.<\/p>\n<\/div><\/div><\/div>\t<\/div>\r\n<\/section><section class=\"img-cols-section \" id=\"\">\n\t<div class=\"container\">\n\t\t\t\t<div class=\"row\"><div class=\"col-lg-4 spacer\"><div class=\"img-col-block\"><div class=\"the-img imageRoundShadow\"><a href=\"\" class=\"popup-screenshot-gal\" title=\"\"><\/a><\/div><p style=\"text-align: center;\"><strong>Easy and personal<\/strong><\/p>\n<p style=\"text-align: center;\">Send files and folders with just a few clicks to one or multiple customers. Create personal links for them to upload data to you.<\/p>\n<\/div><\/div><div class=\"col-lg-4 spacer\"><div class=\"img-col-block\"><div class=\"the-img imageRoundShadow\"><a href=\"\" class=\"popup-screenshot-gal\" title=\"\"><\/a><\/div><p style=\"text-align: center;\"><strong>Seguridad definitiva<\/strong><\/p>\n<p style=\"text-align: center;\">Files are securely transferred and stored on your own infrastructure, without any third party ever gaining access.<\/p>\n<\/div><\/div><div class=\"col-lg-4 spacer\"><div class=\"img-col-block\"><div class=\"the-img imageRoundShadow\"><a href=\"\" class=\"popup-screenshot-gal\" title=\"\"><\/a><\/div><p class=\"section--paragraph__title\" style=\"text-align: center;\"><strong>IT stays in control<\/strong><\/p>\n<p class=\"section--paragraph\" style=\"text-align: center;\">The IT department enforces rules and limitations on password &amp; expiration dates, access by IP, file type or size and more.<\/p>\n<\/div><\/div><\/div>\t<\/div>\n<\/section><section class=\"capabilities2-section\" id=\"\">\n\t<div class=\"container\">\n\t\t<div class=\"row\">\n\t\t\t<div class=\"col-12\">\n\t\t\t\t<div class=\"section-title\">\n\t\t\t\t\t<h2>Caracter\u00edsticas principales<\/h2>\t\t\t\t<\/div>\n\t\t\t<\/div>\n\t\t<\/div>\n\t\t<div class=\"row\">\n\t\t\t<div class=\"col-12\">\n\t\t\t\t<ul class=\"capabilities-list\"><li>Interfaz atractiva y sencilla<\/li><li>Cargas y recursos compartidos ilimitados<\/li><li>Mostrar\/ocultar los archivos existentes<\/li><li>Editar\/renombrar sin cambiar el enlace<\/li><li>Notificaciones (Push)<\/li><li>pdf\/v\u00eddeo\/previsualizaci\u00f3n de im\u00e1genes<\/li><li>Plantillas de correos electr\u00f3nicos para compartir<\/li><li>Clientes m\u00f3viles y de escritorio<\/li><li>Permisos de s\u00f3lo lectura\/escritura<\/li><li>Conservaci\u00f3n de archivos<\/li><li>Seguimiento exhaustivo de las auditor\u00edas<\/li><li>An\u00e1lisis antivirus<\/li><li>Protecci\u00f3n con contrase\u00f1a<\/li><li>Fecha de caducidad<\/li><li>Cifrado en reposo y en tr\u00e1nsito<\/li><li>Los datos permanecen en las instalaciones<\/li><\/ul>\t\t\t<\/div>\n\t\t<\/div>\n\t\t<div class=\"row\">\n\t\t\t<div class=\"col-12\">\n\t\t\t\t<ul class=\"notation-list\"><li>Su propio servidor = bajo su control<\/li><li>Cumplimiento de HIPAA, GLBA, NERC CIP, SOX, PCI<\/li><\/ul>\t\t\t<\/div>\n\t\t<\/div>\n\t\t<div class=\"row\">\n\t\t\t<div class=\"col-12\">\n\t\t\t\t<div class=\"button-block\">\n\t\t\t\t\t\t\t\t\t<\/div>\n\t\t\t<\/div>\n\t\t<\/div>\n\t<\/div>\n<\/section>\n<section class=\"columns6-section\" id=\"\">\r\n\t<div class=\"container\">\r\n\t\t<div class=\"row\"><div class=\"col-12\"><div class=\"section-title\"><h2>\u00bfC\u00f3mo funciona?<\/h2><\/div><\/div><\/div><div class=\"row spacer align-items-center\"><div class=\"col-lg-6 order-lg-1\"><div class=\"col-slider\"><div><\/div><\/div><\/div><div class=\"col-lg-6 order-lg-0\"><div class=\"text-block\"><h3>Creaci\u00f3n sencilla de un punto de carga seguro<\/h3><div class=\"mobile-media\"><div class=\"col-slider\"><div><\/div><\/div><\/div><p>Para crear un enlace de carga, seleccione cualquier carpeta como destino para la carga por parte de los clientes, habilitando la carga de archivos en una carpeta compartida y seleccionando File Drop (upload only). Esto oculta el contenido existente de la carpeta del destinatario de la acci\u00f3n, proporcionando un objetivo de carga seguro.<\/p>\n<p>Ahora puede compartir este enlace con su cliente, socio o usuario.<\/p>\n<\/div><\/div><\/div><div class=\"row spacer align-items-center\"><div class=\"col-lg-6 order-lg-0\"><div class=\"col-slider\"><div><\/div><div><div class=\"video-block\"><\/div><\/div><\/div><\/div><div class=\"col-lg-6 order-lg-1\"><div class=\"text-block\"><h3>C\u00f3moda y personal<\/h3><div class=\"mobile-media\"><div class=\"col-slider\"><div><\/div><div><div class=\"video-block\"><\/div><\/div><\/div><\/div><p>Su cliente podr\u00e1 subir archivos a su servidor de forma segura y sencilla. Usted recibe una notificaci\u00f3n de los nuevos archivos en su carpeta de subida y procede a procesar los datos. Al final, usted proporciona el resultado en una carpeta separada para que su cliente lo descargue de forma segura. En todo momento sus datos y los de sus clientes est\u00e1n protegidos por medidas de seguridad l\u00edderes en el sector.<\/p>\n<\/div><\/div><\/div><div class=\"row spacer align-items-center\"><div class=\"col-lg-6 order-lg-1\"><div class=\"col-slider\"><div><\/div><\/div><\/div><div class=\"col-lg-6 order-lg-0\"><div class=\"text-block\"><h3>Enlaces \u00fanicos para cada cliente<\/h3><div class=\"mobile-media\"><div class=\"col-slider\"><div><\/div><\/div><\/div><p>En lugar de crear un \u00fanico enlace de carga, tambi\u00e9n puede tener enlaces personalizados introduciendo una direcci\u00f3n de correo electr\u00f3nico del cliente y, a continuaci\u00f3n, activando File Drop (s\u00f3lo carga). Su cliente recibe un correo electr\u00f3nico con instrucciones sobre d\u00f3nde subir sus archivos de forma segura y, si decide a\u00f1adir uno, la contrase\u00f1a en un correo electr\u00f3nico separado. Puede tener tanto un enlace compartido como varios enlaces de correo electr\u00f3nico \u00fanicos con su propia contrase\u00f1a, fecha de caducidad y derechos de acceso. El correo electr\u00f3nico con la contrase\u00f1a se puede desactivar en la configuraci\u00f3n de compartici\u00f3n del administrador para los datos m\u00e1s sensibles a la seguridad en los que se tiene que utilizar un segundo canal seguro (como una videollamada segura) para la contrase\u00f1a.<\/p>\n<\/div><\/div><\/div><div class=\"row spacer align-items-center\"><div class=\"col-lg-6 order-lg-0\"><div class=\"col-slider\"><div><\/div><\/div><\/div><div class=\"col-lg-6 order-lg-1\"><div class=\"text-block\"><h3>La inform\u00e1tica mantiene el control<\/h3><div class=\"mobile-media\"><div class=\"col-slider\"><div><\/div><\/div><\/div><p>El administrador del sistema puede estar seguro de que todas las interacciones siguen las reglas y los requisitos establecidos por la empresa con respecto a las contrase\u00f1as, las fechas de caducidad y, por supuesto, las limitaciones impuestas por la funci\u00f3n de control de acceso a los archivos de Nextcloud.<\/p>\n<p>Los datos permanecen, en todo momento, en las instalaciones, bajo la plena autoridad del departamento de TI. File Drop es compatible con una amplia gama de tecnolog\u00edas de almacenamiento, como NFS, SMB y Windows Network Drive, Sharepoint, Object Storage y muchas m\u00e1s. M\u00e1s informaci\u00f3n sobre el almacenamiento externo aqu\u00ed.<\/p>\n<\/div><\/div><\/div><div class=\"row spacer align-items-center\"><div class=\"col-lg-6 order-lg-1\"><div class=\"col-slider\"><div><\/div><\/div><\/div><div class=\"col-lg-6 order-lg-0\"><div class=\"text-block\"><h3>An\u00e1lisis de virus integrado<\/h3><div class=\"mobile-media\"><div class=\"col-slider\"><div><\/div><\/div><\/div><p>Nextcloud ofrece una herramienta opcional de escaneo de virus, capaz de utilizar m\u00faltiples back-ends. La herramienta gratuita ClamAV est\u00e1 disponible, mientras que en asociaci\u00f3n con Kaspersky, su motor de escaneo Kaspersky local puede ser utilizado para escanear los archivos subidos en busca de malware.<\/p>\n<\/div><\/div><\/div>\t<\/div>\r\n<\/section><section class=\"needs2-section\" id=\"\">\r\n\t<div class=\"container\">\r\n\t\t<div class=\"row\">\r\n\t\t\t<div class=\"col-12\">\r\n\t\t\t\t<div class=\"section-title\">\r\n\t\t\t\t\t<h2><center>Serving your needs<\/center><\/h2><p><center>Nextcloud is committed to provide technology that is a perfect fit for your organization!<\/center><\/p>\n\t\t\t\t<\/div>\r\n\t\t\t<\/div>\r\n\t\t<\/div>\r\n\t\t<div class=\"row\">\r\n\t\t\t<div class=\"col-12\">\r\n\t\t\t\t<div class=\"needs-slider\"><div><div class=\"slide-box\"><img decoding=\"async\" src=\"https:\/\/staging.nextcloud.com\/wp-content\/uploads\/2022\/03\/icon04.svg\" alt=\"\"\/><h4>Sanidad<\/h4><p>Nextcloud ofrece la m\u00e1xima seguridad para la informaci\u00f3n sanitaria protegida.<\/p>\n<\/div><\/div><div><div class=\"slide-box\"><img decoding=\"async\" src=\"https:\/\/staging.nextcloud.com\/wp-content\/uploads\/2022\/03\/icon32.svg\" alt=\"\"\/><h4>Educaci\u00f3n<\/h4><p>Nextcloud tiene caracter\u00edsticas \u00fanicas para las instituciones acad\u00e9micas y de investigaci\u00f3n.<\/p>\n<\/div><\/div><div><div class=\"slide-box\"><img decoding=\"async\" src=\"https:\/\/staging.nextcloud.com\/wp-content\/uploads\/2022\/03\/icon33.svg\" alt=\"\"\/><h4>Servicios financieros<\/h4><p>Nextcloud ofrece confidencialidad, seguridad y cumplimiento.<\/p>\n<\/div><\/div><div><div class=\"slide-box\"><img decoding=\"async\" src=\"https:\/\/staging.nextcloud.com\/wp-content\/uploads\/2022\/03\/icon07.svg\" alt=\"\"\/><h4>Gobierno<\/h4><p>Nextcloud ofrece el m\u00e1ximo control para proteger la soberan\u00eda digital en el Gobierno.<\/p>\n<\/div><\/div><div><div class=\"slide-box\"><img decoding=\"async\" src=\"https:\/\/staging.nextcloud.com\/wp-content\/uploads\/2022\/03\/icon08.svg\" alt=\"\"\/><h4>Escala global<\/h4><p>Ampl\u00ede Nextcloud a cientos de millones de usuarios a un coste b\u00e1sico.<\/p>\n<\/div><\/div><div><div class=\"slide-box\"><img decoding=\"async\" src=\"https:\/\/staging.nextcloud.com\/wp-content\/uploads\/2022\/03\/icon09.svg\" alt=\"\"\/><h4>Medios de comunicaci\u00f3n y publicidad<\/h4><p>Nextcloud proporciona una colaboraci\u00f3n f\u00e1cil y eficaz en archivos de gran tama\u00f1o.<\/p>\n<\/div><\/div><div><div class=\"slide-box\"><img decoding=\"async\" src=\"https:\/\/staging.nextcloud.com\/wp-content\/uploads\/2022\/03\/icon10.svg\" alt=\"\"\/><h4>Abogados y notarios<\/h4><p>Nextcloud asegura a sus clientes que sus documentos son 100% confidenciales.<\/p>\n<\/div><\/div><div><div class=\"slide-box\"><img decoding=\"async\" src=\"https:\/\/staging.nextcloud.com\/wp-content\/uploads\/2022\/03\/icon11.svg\" alt=\"\"\/><h4>Construcci\u00f3n y fabricaci\u00f3n<\/h4><p>Nextcloud tiene la interfaz de usuario f\u00e1cil y eficiente que los ingenieros necesitan para entregar a tiempo.<\/p>\n<\/div><\/div><\/div>\t\t\t<\/div>\r\n\t\t<\/div>\r\n\t<\/div>\r\n<\/section><section class=\"promo-section  \" id=\"\" style=\"\" data-expiration=\"\">\n\t<div class=\"container\">\n\t\t<div class=\"row\">\n\t\t\t<div class=\"col-12\">\n\t\t\t\t<div class=\"text-block\">\n\t\t\t\t\t<p>Asegure su intercambio de archivos con los clientes ahora mismo.<\/p>\n<a class=\"c-btn btn-white\" href=\"https:\/\/nextcloud.com\/instant-trial\" target=\"_self\">Solicitar una prueba<\/a>\t\t\t\t<\/div>\n\t\t\t<\/div>\n\t\t<\/div>\n\t<\/div>\n<\/section>\n","protected":false},"excerpt":{"rendered":"","protected":false},"author":2,"featured_media":0,"parent":0,"menu_order":0,"comment_status":"closed","ping_status":"closed","template":"","meta":{"_acf_changed":false,"inline_featured_image":false,"footnotes":""},"tags":[],"class_list":["post-71946","page","type-page","status-publish","hentry"],"acf":[],"yoast_head":"<!-- This site is optimized with the Yoast SEO plugin v26.3 - https:\/\/yoast.com\/wordpress\/plugins\/seo\/ -->\n<title>Descarga de archivos - Nextcloud<\/title>\n<meta name=\"robots\" content=\"noindex, follow, max-snippet:-1, max-image-preview:large, max-video-preview:-1\" \/>\n<meta property=\"og:locale\" content=\"es_ES\" \/>\n<meta property=\"og:type\" content=\"article\" \/>\n<meta property=\"og:title\" content=\"Descarga de archivos - Nextcloud\" \/>\n<meta property=\"og:url\" content=\"https:\/\/staging.nextcloud.com\/es\/descarga-de-archivos\/\" \/>\n<meta property=\"og:site_name\" content=\"Nextcloud\" \/>\n<meta property=\"article:publisher\" content=\"https:\/\/www.facebook.com\/Nextclouders\/\" \/>\n<meta property=\"article:modified_time\" content=\"2022-10-20T14:20:01+00:00\" \/>\n<meta name=\"twitter:card\" content=\"summary_large_image\" \/>\n<meta name=\"twitter:site\" content=\"@nextclouders\" \/>\n<script type=\"application\/ld+json\" class=\"yoast-schema-graph\">{\"@context\":\"https:\/\/schema.org\",\"@graph\":[{\"@type\":\"WebPage\",\"@id\":\"https:\/\/staging.nextcloud.com\/es\/descarga-de-archivos\/\",\"url\":\"https:\/\/staging.nextcloud.com\/es\/descarga-de-archivos\/\",\"name\":\"Descarga de archivos - Nextcloud\",\"isPartOf\":{\"@id\":\"https:\/\/staging.nextcloud.com\/es\/#website\"},\"datePublished\":\"2022-04-06T10:01:40+00:00\",\"dateModified\":\"2022-10-20T14:20:01+00:00\",\"breadcrumb\":{\"@id\":\"https:\/\/staging.nextcloud.com\/es\/descarga-de-archivos\/#breadcrumb\"},\"inLanguage\":\"es\",\"potentialAction\":[{\"@type\":\"ReadAction\",\"target\":[\"https:\/\/staging.nextcloud.com\/es\/descarga-de-archivos\/\"]}]},{\"@type\":\"BreadcrumbList\",\"@id\":\"https:\/\/staging.nextcloud.com\/es\/descarga-de-archivos\/#breadcrumb\",\"itemListElement\":[{\"@type\":\"ListItem\",\"position\":1,\"name\":\"Home\",\"item\":\"https:\/\/staging.nextcloud.com\/es\/\"},{\"@type\":\"ListItem\",\"position\":2,\"name\":\"Descarga de archivos\"}]},{\"@type\":\"WebSite\",\"@id\":\"https:\/\/staging.nextcloud.com\/es\/#website\",\"url\":\"https:\/\/staging.nextcloud.com\/es\/\",\"name\":\"Nextcloud\",\"description\":\"Regain control over your data\",\"publisher\":{\"@id\":\"https:\/\/staging.nextcloud.com\/es\/#organization\"},\"potentialAction\":[{\"@type\":\"SearchAction\",\"target\":{\"@type\":\"EntryPoint\",\"urlTemplate\":\"https:\/\/staging.nextcloud.com\/es\/?s={search_term_string}\"},\"query-input\":{\"@type\":\"PropertyValueSpecification\",\"valueRequired\":true,\"valueName\":\"search_term_string\"}}],\"inLanguage\":\"es\"},{\"@type\":\"Organization\",\"@id\":\"https:\/\/staging.nextcloud.com\/es\/#organization\",\"name\":\"Nextcloud\",\"url\":\"https:\/\/staging.nextcloud.com\/es\/\",\"logo\":{\"@type\":\"ImageObject\",\"inLanguage\":\"es\",\"@id\":\"https:\/\/staging.nextcloud.com\/es\/#\/schema\/logo\/image\/\",\"url\":\"https:\/\/staging.nextcloud.com\/c\/uploads\/2022\/10\/nextcloud-logo-blue-transparent.svg\",\"contentUrl\":\"https:\/\/staging.nextcloud.com\/c\/uploads\/2022\/10\/nextcloud-logo-blue-transparent.svg\",\"width\":\"1024\",\"height\":\"1024\",\"caption\":\"Nextcloud\"},\"image\":{\"@id\":\"https:\/\/staging.nextcloud.com\/es\/#\/schema\/logo\/image\/\"},\"sameAs\":[\"https:\/\/www.facebook.com\/Nextclouders\/\",\"https:\/\/x.com\/nextclouders\",\"https:\/\/www.linkedin.com\/company\/10827569\/\",\"https:\/\/youtube.com\/nextcloud\",\"https:\/\/www.instagram.com\/nextclouders\/\"]}]}<\/script>\n<!-- \/ Yoast SEO plugin. -->","yoast_head_json":{"title":"Descarga de archivos - Nextcloud","robots":{"index":"noindex","follow":"follow","max-snippet":"max-snippet:-1","max-image-preview":"max-image-preview:large","max-video-preview":"max-video-preview:-1"},"og_locale":"es_ES","og_type":"article","og_title":"Descarga de archivos - Nextcloud","og_url":"https:\/\/staging.nextcloud.com\/es\/descarga-de-archivos\/","og_site_name":"Nextcloud","article_publisher":"https:\/\/www.facebook.com\/Nextclouders\/","article_modified_time":"2022-10-20T14:20:01+00:00","twitter_card":"summary_large_image","twitter_site":"@nextclouders","schema":{"@context":"https:\/\/schema.org","@graph":[{"@type":"WebPage","@id":"https:\/\/staging.nextcloud.com\/es\/descarga-de-archivos\/","url":"https:\/\/staging.nextcloud.com\/es\/descarga-de-archivos\/","name":"Descarga de archivos - Nextcloud","isPartOf":{"@id":"https:\/\/staging.nextcloud.com\/es\/#website"},"datePublished":"2022-04-06T10:01:40+00:00","dateModified":"2022-10-20T14:20:01+00:00","breadcrumb":{"@id":"https:\/\/staging.nextcloud.com\/es\/descarga-de-archivos\/#breadcrumb"},"inLanguage":"es","potentialAction":[{"@type":"ReadAction","target":["https:\/\/staging.nextcloud.com\/es\/descarga-de-archivos\/"]}]},{"@type":"BreadcrumbList","@id":"https:\/\/staging.nextcloud.com\/es\/descarga-de-archivos\/#breadcrumb","itemListElement":[{"@type":"ListItem","position":1,"name":"Home","item":"https:\/\/staging.nextcloud.com\/es\/"},{"@type":"ListItem","position":2,"name":"Descarga de archivos"}]},{"@type":"WebSite","@id":"https:\/\/staging.nextcloud.com\/es\/#website","url":"https:\/\/staging.nextcloud.com\/es\/","name":"Nextcloud","description":"Regain control over your data","publisher":{"@id":"https:\/\/staging.nextcloud.com\/es\/#organization"},"potentialAction":[{"@type":"SearchAction","target":{"@type":"EntryPoint","urlTemplate":"https:\/\/staging.nextcloud.com\/es\/?s={search_term_string}"},"query-input":{"@type":"PropertyValueSpecification","valueRequired":true,"valueName":"search_term_string"}}],"inLanguage":"es"},{"@type":"Organization","@id":"https:\/\/staging.nextcloud.com\/es\/#organization","name":"Nextcloud","url":"https:\/\/staging.nextcloud.com\/es\/","logo":{"@type":"ImageObject","inLanguage":"es","@id":"https:\/\/staging.nextcloud.com\/es\/#\/schema\/logo\/image\/","url":"https:\/\/staging.nextcloud.com\/c\/uploads\/2022\/10\/nextcloud-logo-blue-transparent.svg","contentUrl":"https:\/\/staging.nextcloud.com\/c\/uploads\/2022\/10\/nextcloud-logo-blue-transparent.svg","width":"1024","height":"1024","caption":"Nextcloud"},"image":{"@id":"https:\/\/staging.nextcloud.com\/es\/#\/schema\/logo\/image\/"},"sameAs":["https:\/\/www.facebook.com\/Nextclouders\/","https:\/\/x.com\/nextclouders","https:\/\/www.linkedin.com\/company\/10827569\/","https:\/\/youtube.com\/nextcloud","https:\/\/www.instagram.com\/nextclouders\/"]}]}},"_links":{"self":[{"href":"https:\/\/staging.nextcloud.com\/es\/wp-json\/wp\/v2\/pages\/71946","targetHints":{"allow":["GET"]}}],"collection":[{"href":"https:\/\/staging.nextcloud.com\/es\/wp-json\/wp\/v2\/pages"}],"about":[{"href":"https:\/\/staging.nextcloud.com\/es\/wp-json\/wp\/v2\/types\/page"}],"author":[{"embeddable":true,"href":"https:\/\/staging.nextcloud.com\/es\/wp-json\/wp\/v2\/users\/2"}],"replies":[{"embeddable":true,"href":"https:\/\/staging.nextcloud.com\/es\/wp-json\/wp\/v2\/comments?post=71946"}],"version-history":[{"count":3,"href":"https:\/\/staging.nextcloud.com\/es\/wp-json\/wp\/v2\/pages\/71946\/revisions"}],"predecessor-version":[{"id":72044,"href":"https:\/\/staging.nextcloud.com\/es\/wp-json\/wp\/v2\/pages\/71946\/revisions\/72044"}],"wp:attachment":[{"href":"https:\/\/staging.nextcloud.com\/es\/wp-json\/wp\/v2\/media?parent=71946"}],"wp:term":[{"taxonomy":"post_tag","embeddable":true,"href":"https:\/\/staging.nextcloud.com\/es\/wp-json\/wp\/v2\/tags?post=71946"}],"curies":[{"name":"wp","href":"https:\/\/api.w.org\/{rel}","templated":true}]}}