{"id":71938,"date":"2022-04-06T19:08:04","date_gmt":"2022-04-06T17:08:04","guid":{"rendered":"https:\/\/nextcloud.com\/como-compartir\/"},"modified":"2022-10-20T16:20:01","modified_gmt":"2022-10-20T14:20:01","slug":"como-compartir","status":"publish","type":"page","link":"https:\/\/staging.nextcloud.com\/es\/como-compartir\/","title":{"rendered":"C\u00f3mo compartir"},"content":{"rendered":"<section class=\"page-hero-section gr\"><div class=\"container\">\r\n\t<div class=\"row\">\r\n\t\t<div class=\"col-lg-9\">\r\n\t\t\t<div class=\"section-title\">\r\n\t\t\t\t<h1>Comparte en tus condiciones<\/h1><p>Nextcloud cuenta con una interfaz web f\u00e1cil de usar y potente. Puedes acceder a todos tus archivos est\u00e9s donde est\u00e9s y como quieras.<\/p>\t\t\t<\/div>\r\n\t\t<\/div>\r\n\t<\/div>\r\n<\/div>\r\n<\/section><section class=\"post-single-section\">\n\t<div class=\"container\">\n\t\t<div class=\"row\">\n\t\t\t<div class=\"col-lg-12\">\n\t\t\t\t<div class=\"text-block \">\n\t\t\t\t\t<h1 style=\"text-align: center;\">Sharing is who we are<\/h1>\n<p style=\"text-align: center;\">At work, we share and collaborate with colleagues to get work done. At home, we share our good and our bad moments with family and friends.\u00a0<span class=\"avoidwrap\">With Nextcloud, sharing is a core part of your experience.<\/span><\/p>\n\t\t\t\t<\/div>\n\t\t\t<\/div>\n\t\t<\/div>\n\t<\/div>\n<\/section><section class=\"columns6-section\" id=\"\">\r\n\t<div class=\"container\">\r\n\t\t<div class=\"row\"><div class=\"col-12\"><div class=\"section-title\"><h2><center>Sharing in Nextcloud<\/center><\/h2><\/div><\/div><\/div><div class=\"row spacer align-items-center\"><div class=\"col-lg-6 order-lg-1\"><div class=\"col-slider\"><div><div class=\"video-block\"><iframe src=\"https:\/\/player.vimeo.com\/video\/556890169?badge=0&amp;autopause=0&amp;dnt=1&amp;player_id=0&amp;app_id=58479\" frameborder=\"0\" allow=\"autoplay; fullscreen; picture-in-picture\" allowfullscreen=\"\" title=\"Nextcloud File Drop.mp4\"><\/iframe><\/div><\/div><\/div><\/div><div class=\"col-lg-6 order-lg-0\"><div class=\"text-block\"><h3>Trabajar, compartir, colaborar, disfrutar<\/h3><div class=\"mobile-media\"><div class=\"col-slider\"><div><div class=\"video-block\"><iframe src=\"https:\/\/player.vimeo.com\/video\/556890169?badge=0&amp;autopause=0&amp;dnt=1&amp;player_id=0&amp;app_id=58479\" frameborder=\"0\" allow=\"autoplay; fullscreen; picture-in-picture\" allowfullscreen=\"\" title=\"Nextcloud File Drop.mp4\"><\/iframe><\/div><\/div><\/div><\/div><p>Comparta im\u00e1genes, documentos o m\u00fasica con sus colegas en su servidor, env\u00ede enlaces p\u00fablicos protegidos por contrase\u00f1a a sus amigos y reciba notificaciones en su tel\u00e9fono cuando un usuario de otro servidor Nextcloud comparta archivos directamente con usted. Utiliza File Drop para que tus clientes puedan subir archivos a tu servidor de forma f\u00e1cil y segura.<\/p>\n<p>Puedes confiar en que cuando compartes, Nextcloud se asegura de que tengas el control de tus datos. Puedes ver f\u00e1cilmente una lista de recursos compartidos, eliminar o cambiar los permisos y restaurar versiones anteriores de los archivos.<\/p>\n<a class=\"c-btn btn-white\" href=\"https:\/\/nextcloud.com\/file-drop\/\" target=\"_self\">Conozca el File Drop<\/a><\/div><\/div><\/div><div class=\"row spacer align-items-center\"><div class=\"col-lg-6 order-lg-0\"><div class=\"col-slider\"><div><div class=\"video-block\"><iframe src=\"https:\/\/player.vimeo.com\/video\/555703705?badge=0&amp;autopause=0&amp;dnt=1&amp;player_id=0&amp;app_id=58479\" frameborder=\"0\" allow=\"autoplay; fullscreen; picture-in-picture\" allowfullscreen=\"\" title=\"Text and Talk video\"><\/iframe><\/div><\/div><\/div><\/div><div class=\"col-lg-6 order-lg-1\"><div class=\"text-block\"><h3>Trabaja con otros<\/h3><div class=\"mobile-media\"><div class=\"col-slider\"><div><div class=\"video-block\"><iframe src=\"https:\/\/player.vimeo.com\/video\/555703705?badge=0&amp;autopause=0&amp;dnt=1&amp;player_id=0&amp;app_id=58479\" frameborder=\"0\" allow=\"autoplay; fullscreen; picture-in-picture\" allowfullscreen=\"\" title=\"Text and Talk video\"><\/iframe><\/div><\/div><\/div><\/div><p>You can comment on files and discuss options. Through our integration of online office solutions like  <a class=\"hyperlink\" href=\"https:\/\/nextcloud.com\/collaboraonline\">Collabora Online<\/a> and <a class=\"hyperlink\" href=\"https:\/\/nextcloud.com\/onlyoffice\/\">ONLYOFFICE<\/a> you can work together in real time on presentations or Word documents. And with <a class=\"hyperlink\" href=\"https:\/\/nextcloud.com\/talk\/\">Nextcloud Talk<\/a> you can seamlessly move a conversation in the comments to a chat or video call!<\/p>\n<p>You can find files using our full text search app or by giving them tags and searching for them. Searching through the comments is possible as well. Admins can use <a class=\"hyperlink\" href=\"https:\/\/nextcloud.com\/workflow\/\">our Workflow tools<\/a> to automatically tag files uploaded by specific users, groups or by filetype and execute actions like converting files based on these tags.<\/p>\n<\/div><\/div><\/div><div class=\"row spacer align-items-center\"><div class=\"col-lg-6 order-lg-1\"><div class=\"col-slider\"><div><div class=\"video-block\"><iframe src=\"https:\/\/player.vimeo.com\/video\/556890862?badge=0&amp;autopause=0&amp;dnt=1&amp;player_id=0&amp;app_id=58479\" frameborder=\"0\" allow=\"autoplay; fullscreen; picture-in-picture\" allowfullscreen=\"\" title=\"Nextcloud integrates collaboration\"><\/iframe><\/div><\/div><\/div><\/div><div class=\"col-lg-6 order-lg-0\"><div class=\"text-block\"><h3>Funciones de colaboraci\u00f3n<\/h3><div class=\"mobile-media\"><div class=\"col-slider\"><div><div class=\"video-block\"><iframe src=\"https:\/\/player.vimeo.com\/video\/556890862?badge=0&amp;autopause=0&amp;dnt=1&amp;player_id=0&amp;app_id=58479\" frameborder=\"0\" allow=\"autoplay; fullscreen; picture-in-picture\" allowfullscreen=\"\" title=\"Nextcloud integrates collaboration\"><\/iframe><\/div><\/div><\/div><\/div><ul>\n<li>Tag and comment on files, and see tags and comments by others<\/li>\n<li>Search by file name, tags, comments or file content (with the full-text search app)<\/li>\n<li>See what is happening with your data in the Activity feed, get notified by mail or RSS feed<\/li>\n<li>Previous versions of files you modified are retained and can be brought back. Deleted files can be found in the trash.<\/li>\n<li>Real-time push notifications on comments, mentions and new shares<\/li>\n<li>Edit documents with others using real-time document editors like Collabora Online or ONLYOFFICE.<\/li>\n<li>Smoothly transition between commenting on files to chat or video calls<\/li>\n<li>Transfer ownership of files and folders to other users<\/li>\n<li>Lock files so others know you are working with them<\/li>\n<li>Add a description to public links so you can keep them apart<\/li>\n<\/ul>\n<\/div><\/div><\/div><div class=\"row spacer align-items-center\"><div class=\"col-lg-6 order-lg-0\"><div class=\"col-slider\"><div><div class=\"video-block\"><iframe src=\"https:\/\/player.vimeo.com\/video\/556891346?badge=0&amp;autopause=0&amp;dnt=1&amp;player_id=0&amp;app_id=58479\" frameborder=\"0\" allow=\"autoplay; fullscreen; picture-in-picture\" allowfullscreen=\"\" title=\"Sharing in Nextcloud 14 adding a note\"><\/iframe><\/div><\/div><\/div><\/div><div class=\"col-lg-6 order-lg-1\"><div class=\"text-block\"><h3>Funciones para compartir<\/h3><div class=\"mobile-media\"><div class=\"col-slider\"><div><div class=\"video-block\"><iframe src=\"https:\/\/player.vimeo.com\/video\/556891346?badge=0&amp;autopause=0&amp;dnt=1&amp;player_id=0&amp;app_id=58479\" frameborder=\"0\" allow=\"autoplay; fullscreen; picture-in-picture\" allowfullscreen=\"\" title=\"Sharing in Nextcloud 14 adding a note\"><\/iframe><\/div><\/div><\/div><\/div><ul>\n<li>Share with individual users, groups or create custom groups with the <a class=\"hyperlink\" href=\"https:\/\/apps.nextcloud.com\/apps\/circles\">Circles app.<\/a><\/li>\n<li>Share photo galleries<\/li>\n<li>Share public links read-only, <a class=\"hyperlink\" href=\"https:\/\/nextcloud.com\/blog\/secure-view-prevent-your-shared-files-from-getting-downloaded\/\">secure view (no download\/print\/copy-paste)<\/a> or with editing capabilities<\/li>\n<li>Attach notes to a share, either to a Nextcloud user or to a public link<\/li>\n<li>Share directly to users on other Nextcloud, ownCloud or Pydio servers (see below: <a class=\"hyperlink\" href=\"#federation\">federation<\/a>)<\/li>\n<li>Choose to automatically accept all incoming shares, or choose to accept them on a case by case basis<\/li>\n<li>Basic Virtual Data Room restrictions like watermarking, ability to limit documents to filling in forms or blocking download or printing, are available. Learn more on our Virtual Data Room page.                    <a class=\"button button--blue\" href=\"https:\/\/nextcloud.com\/es\/virtual-data-rooms\/\">Virtual Data Rooms<\/a><\/li>\n<\/ul>\n<a class=\"c-btn btn-white\" href=\"https:\/\/nextcloud.com\/virtual-data-room\/\" target=\"_self\">Salas de datos virtuales<\/a><\/div><\/div><\/div><div class=\"row spacer align-items-center\"><div class=\"col-lg-6 order-lg-1\"><div class=\"col-slider\"><div><\/div><\/div><\/div><div class=\"col-lg-6 order-lg-0\"><div class=\"text-block\"><h3>Capacidades de seguridad<\/h3><div class=\"mobile-media\"><div class=\"col-slider\"><div><\/div><\/div><\/div><ul>\n<li>Passwords for public link shares<\/li>\n<li>Expiration date in internal or public link shares<\/li>\n<li><a class=\"hyperlink\" href=\"https:\/\/nextcloud.com\/es\/descarga-de-archivos\/\">File-drop hides existing files, providing just an upload target<\/a><\/li>\n<li><a class=\"hyperlink\" href=\"https:\/\/nextcloud.com\/blog\/secure-view-prevent-your-shared-files-from-getting-downloaded\/\">Hide Download <small>(Secure View)<\/small><\/a><\/li>\n<li>Ultimate protection for email shares with Video Verification<\/li>\n<\/ul>\n<a class=\"c-btn btn-white\" href=\"https:\/\/nextcloud.com\/permissions\/\" target=\"_self\">Permisos<\/a><\/div><\/div><\/div><div class=\"row spacer align-items-center\"><div class=\"col-lg-6 order-lg-0\"><div class=\"col-slider\"><div><div class=\"video-block\"><iframe src=\"https:\/\/player.vimeo.com\/video\/556062380?badge=0&amp;autopause=0&amp;dnt=1&amp;player_id=0&amp;app_id=58479\" frameborder=\"0\" allow=\"autoplay; fullscreen; picture-in-picture\" allowfullscreen=\"\" title=\"Introduction video of Video Verification\"><\/iframe><\/div><\/div><\/div><\/div><div class=\"col-lg-6 order-lg-1\"><div class=\"text-block\"><h3>Verificaci\u00f3n por v\u00eddeo<\/h3><div class=\"mobile-media\"><div class=\"col-slider\"><div><div class=\"video-block\"><iframe src=\"https:\/\/player.vimeo.com\/video\/556062380?badge=0&amp;autopause=0&amp;dnt=1&amp;player_id=0&amp;app_id=58479\" frameborder=\"0\" allow=\"autoplay; fullscreen; picture-in-picture\" allowfullscreen=\"\" title=\"Introduction video of Video Verification\"><\/iframe><\/div><\/div><\/div><\/div><p>En las situaciones en las que se garantiza una seguridad extrema y la identidad de un destinatario tiene que ser verificada con absoluta certeza antes de que se le conceda el acceso, Nextcloud incluye la implementaci\u00f3n de la Verificaci\u00f3n de V\u00eddeo, la primera del sector.<\/p>\n<p>La Verificaci\u00f3n por V\u00eddeo impone una videollamada de Nextcloud Talk antes de conceder el acceso a una acci\u00f3n, asegur\u00e1ndose de que la identidad del destinatario se comprueba adecuadamente. La llamada puede recogerse a trav\u00e9s de las aplicaciones m\u00f3viles de Nextcloud Talk, as\u00ed como de la interfaz web.<\/p>\n<\/div><\/div><\/div>\t<\/div>\r\n<\/section><section class=\"collaboration-section\" id=\"\">\r\n\t<div class=\"container\">\r\n\t\t<div class=\"row\">\r\n\t\t\t<div class=\"col-lg-12\">\r\n\t\t\t\t<div class=\"text-block\">\r\n\t\t\t\t\t<h2>La vista segura en acci\u00f3n<\/h2><p>Con la vista segura, nuestras soluciones de oficina en l\u00ednea pueden configurarse para abrir archivos PDF, im\u00e1genes y archivos de texto, haciendo que estos archivos est\u00e9n disponibles de forma protegida por una marca de agua, mientras que las descargas y otras aplicaciones se desactivan mediante el Control de Acceso a Archivos. Esta configuraci\u00f3n es \u00fatil cuando hay que proteger los datos de las filtraciones, pero a\u00fan as\u00ed deben estar disponibles para su revisi\u00f3n, como en un escenario de sala de datos virtual.<\/p>\n<a class=\"c-btn btn-blue\" href=\"https:\/\/nextcloud.com\/virtual-data-room\/\" target=\"_self\">Salas de datos virtuales<\/a>\t\t\t\t<\/div>\r\n\t\t\t<\/div>\r\n\t\t<\/div>\r\n\t<\/div>\r\n<\/section><section class=\"img-cols-section \" id=\"\">\n\t<div class=\"container\">\n\t\t\t\t<div class=\"row\"><div class=\"col-lg-4 spacer\"><div class=\"img-col-block\"><div class=\"the-img imageRoundShadow\"><a href=\"\" class=\"popup-screenshot-gal\" title=\"\"><\/a><\/div><p>Configurar Secure View en Collabora<\/p>\n<\/div><\/div><div class=\"col-lg-4 spacer\"><div class=\"img-col-block\"><div class=\"the-img imageRoundShadow\"><a href=\"\" class=\"popup-screenshot-gal\" title=\"\"><\/a><\/div><p>Establecer una etiqueta \u00abconfidencial\u00bb<\/p>\n<\/div><\/div><div class=\"col-lg-4 spacer\"><div class=\"img-col-block\"><div class=\"the-img imageRoundShadow\"><a href=\"\" class=\"popup-screenshot-gal\" title=\"\"><\/a><\/div><p>Ver de forma segura el archivo con marca de agua<\/p>\n<\/div><\/div><\/div>\t<\/div>\n<\/section><section class=\"columns6-section\" id=\"\">\r\n\t<div class=\"container\">\r\n\t\t<div class=\"row spacer align-items-center\"><div class=\"col-lg-6 order-lg-1\"><div class=\"col-slider\"><div><div class=\"video-block\"><iframe src=\"https:\/\/player.vimeo.com\/video\/555703705?badge=0&amp;autopause=0&amp;dnt=1&amp;player_id=0&amp;app_id=58479\" frameborder=\"0\" allow=\"autoplay; fullscreen; picture-in-picture\" allowfullscreen=\"\" title=\"Text and Talk video\"><\/iframe><\/div><\/div><\/div><\/div><div class=\"col-lg-6 order-lg-0\"><div class=\"text-block\"><h3>Colaboraci\u00f3n en tiempo real en un equipo<\/h3><div class=\"mobile-media\"><div class=\"col-slider\"><div><div class=\"video-block\"><iframe src=\"https:\/\/player.vimeo.com\/video\/555703705?badge=0&amp;autopause=0&amp;dnt=1&amp;player_id=0&amp;app_id=58479\" frameborder=\"0\" allow=\"autoplay; fullscreen; picture-in-picture\" allowfullscreen=\"\" title=\"Text and Talk video\"><\/iframe><\/div><\/div><\/div><\/div><\/div><\/div><\/div><div class=\"row spacer align-items-center\"><div class=\"col-lg-6 order-lg-0\"><div class=\"col-slider\"><div><div class=\"video-block\"><iframe src=\"https:\/\/player.vimeo.com\/video\/556896875?badge=0&amp;autopause=0&amp;player_id=0&amp;app_id=58479\" frameborder=\"0\" allow=\"autoplay; fullscreen; picture-in-picture\" allowfullscreen=\"\" title=\"Secure view_ blocking downloads, watermarking and secure mailboxes in Nextcloud.mp4\"><\/iframe><\/div><\/div><\/div><\/div><div class=\"col-lg-6 order-lg-1\"><div class=\"text-block\"><h3>Marcas de agua y bandeja de entrada segura<\/h3><div class=\"mobile-media\"><div class=\"col-slider\"><div><div class=\"video-block\"><iframe src=\"https:\/\/player.vimeo.com\/video\/556896875?badge=0&amp;autopause=0&amp;player_id=0&amp;app_id=58479\" frameborder=\"0\" allow=\"autoplay; fullscreen; picture-in-picture\" allowfullscreen=\"\" title=\"Secure view_ blocking downloads, watermarking and secure mailboxes in Nextcloud.mp4\"><\/iframe><\/div><\/div><\/div><\/div><\/div><\/div><\/div>\t<\/div>\r\n<\/section><section class=\"columns-section\" id=\"\">\r\n\t<div class=\"container\">\r\n\t\t<div class=\"row\"><div class=\"col-12\"><div class=\"section-title\"><h2>Ampl\u00ede su nube<\/h2><\/div><\/div><\/div><div class=\"row spacer align-items-center\"><div class=\"col-lg-6 right-orient order-lg-1\"><div class=\"image-block\"><img decoding=\"async\" src=\"https:\/\/staging.nextcloud.com\/wp-content\/uploads\/2022\/04\/appstore-big-2.png\" alt=\"\"\/><\/div><\/div><div class=\"col-lg-6 order-lg-0\"><div class=\"text-block\"><img decoding=\"async\" class=\"mobile-media\" src=\"https:\/\/staging.nextcloud.com\/wp-content\/uploads\/2022\/04\/appstore-big-2.png\" alt=\"\"\/><p>You can extend the functionality of your Nextcloud with extra features from the Nextcloud app store. Among the more than 200 apps you can find features that enhance sharing, including:<\/p>\n<ul>\n<li>Groupfolders allows admin-shared folders users can&#8217;t remove<\/li>\n<li>Activities for shared file downloads so you can track who downloads your shared files<\/li>\n<li>Easy sharing via email, Google+, Diaspora, Facebook and more social channels<\/li>\n<\/ul>\n<a class=\"c-btn btn-blue\" href=\"https:\/\/apps.nextcloud.com\/\" target=\"_self\">App store<\/a><\/div><\/div><\/div>\t<\/div>\r\n<\/section><section class=\"columns6-section\" id=\"\">\r\n\t<div class=\"container\">\r\n\t\t<div class=\"row\"><div class=\"col-12\"><div class=\"section-title\"><h2>\u00a1Comparte en Nextclouds!<\/h2><\/div><\/div><\/div><div class=\"row spacer align-items-center\"><div class=\"col-lg-6 order-lg-1\"><div class=\"col-slider\"><div><\/div><\/div><\/div><div class=\"col-lg-6 order-lg-0\"><div class=\"text-block\"><div class=\"mobile-media\"><div class=\"col-slider\"><div><\/div><\/div><\/div><p>Compartir archivos en los servidores de Nextcloud es tan f\u00e1cil como enviar un correo electr\u00f3nico desde una direcci\u00f3n de Gmail a una cuenta de Yahoo. En lugar de una direcci\u00f3n de correo electr\u00f3nico, se utiliza un Federated Cloud ID.<\/p>\n<p>Un ejemplo de Federated Cloud ID es username@sub.example.com\/nextcloud<\/p>\n<p>Para compartir un archivo, introduzca el Federated Cloud ID en el cuadro de di\u00e1logo \u00abcompartir\u00bb. Aparecer\u00e1 una notificaci\u00f3n en el servidor Nextcloud del destinatario.<\/p>\n<p>Puedes encontrar tu propio Federated Cloud ID en tu configuraci\u00f3n de usuario. D\u00e1selo a tus amigos para que puedan compartir archivos contigo.<\/p>\n<\/div><\/div><\/div><div class=\"row spacer align-items-center\"><div class=\"col-lg-6 order-lg-0\"><div class=\"col-slider\"><div><\/div><\/div><\/div><div class=\"col-lg-6 order-lg-1\"><div class=\"text-block\"><h3>M\u00e1s detalles<\/h3><div class=\"mobile-media\"><div class=\"col-slider\"><div><\/div><\/div><\/div><p>Learn more in the Nextcloud <a class=\"hyperlink\" href=\"https:\/\/docs.nextcloud.com\/server\/latest\/user_manual\/en\/files\/federated_cloud_sharing.html\" target=\"_blank\">user documentation<\/a> and <a class=\"hyperlink\" href=\"https:\/\/docs.nextcloud.com\/server\/latest\/admin_manual\/configuration_files\/federated_cloud_sharing_configuration.html\">con la documentaci\u00f3n del administrador de Nextcloud<\/a>.<\/p>\n<\/div><\/div><\/div>\t<\/div>\r\n<\/section>","protected":false},"excerpt":{"rendered":"","protected":false},"author":2,"featured_media":0,"parent":0,"menu_order":0,"comment_status":"closed","ping_status":"closed","template":"","meta":{"_acf_changed":false,"inline_featured_image":false,"footnotes":""},"tags":[],"class_list":["post-71938","page","type-page","status-publish","hentry"],"acf":[],"yoast_head":"<!-- This site is optimized with the Yoast SEO plugin v27.4 - https:\/\/yoast.com\/product\/yoast-seo-wordpress\/ -->\n<title>C\u00f3mo compartir - Nextcloud<\/title>\n<meta name=\"robots\" content=\"noindex, follow, max-snippet:-1, max-image-preview:large, max-video-preview:-1\" \/>\n<meta property=\"og:locale\" content=\"es_ES\" \/>\n<meta property=\"og:type\" content=\"article\" \/>\n<meta property=\"og:title\" content=\"C\u00f3mo compartir - Nextcloud\" \/>\n<meta property=\"og:url\" content=\"https:\/\/staging.nextcloud.com\/es\/como-compartir\/\" \/>\n<meta property=\"og:site_name\" content=\"Nextcloud\" \/>\n<meta property=\"article:publisher\" content=\"https:\/\/www.facebook.com\/Nextclouders\/\" \/>\n<meta property=\"article:modified_time\" content=\"2022-10-20T14:20:01+00:00\" \/>\n<meta name=\"twitter:card\" content=\"summary_large_image\" \/>\n<meta name=\"twitter:site\" content=\"@nextclouders\" \/>\n<script type=\"application\/ld+json\" class=\"yoast-schema-graph\">{\"@context\":\"https:\\\/\\\/schema.org\",\"@graph\":[{\"@type\":\"WebPage\",\"@id\":\"https:\\\/\\\/staging.nextcloud.com\\\/es\\\/como-compartir\\\/\",\"url\":\"https:\\\/\\\/staging.nextcloud.com\\\/es\\\/como-compartir\\\/\",\"name\":\"C\u00f3mo compartir - Nextcloud\",\"isPartOf\":{\"@id\":\"https:\\\/\\\/staging.nextcloud.com\\\/es\\\/#website\"},\"datePublished\":\"2022-04-06T17:08:04+00:00\",\"dateModified\":\"2022-10-20T14:20:01+00:00\",\"breadcrumb\":{\"@id\":\"https:\\\/\\\/staging.nextcloud.com\\\/es\\\/como-compartir\\\/#breadcrumb\"},\"inLanguage\":\"es\",\"potentialAction\":[{\"@type\":\"ReadAction\",\"target\":[\"https:\\\/\\\/staging.nextcloud.com\\\/es\\\/como-compartir\\\/\"]}]},{\"@type\":\"BreadcrumbList\",\"@id\":\"https:\\\/\\\/staging.nextcloud.com\\\/es\\\/como-compartir\\\/#breadcrumb\",\"itemListElement\":[{\"@type\":\"ListItem\",\"position\":1,\"name\":\"Home\",\"item\":\"https:\\\/\\\/staging.nextcloud.com\\\/es\\\/\"},{\"@type\":\"ListItem\",\"position\":2,\"name\":\"C\u00f3mo compartir\"}]},{\"@type\":\"WebSite\",\"@id\":\"https:\\\/\\\/staging.nextcloud.com\\\/es\\\/#website\",\"url\":\"https:\\\/\\\/staging.nextcloud.com\\\/es\\\/\",\"name\":\"Nextcloud\",\"description\":\"Regain control over your data\",\"publisher\":{\"@id\":\"https:\\\/\\\/staging.nextcloud.com\\\/es\\\/#organization\"},\"potentialAction\":[{\"@type\":\"SearchAction\",\"target\":{\"@type\":\"EntryPoint\",\"urlTemplate\":\"https:\\\/\\\/staging.nextcloud.com\\\/es\\\/?s={search_term_string}\"},\"query-input\":{\"@type\":\"PropertyValueSpecification\",\"valueRequired\":true,\"valueName\":\"search_term_string\"}}],\"inLanguage\":\"es\"},{\"@type\":\"Organization\",\"@id\":\"https:\\\/\\\/staging.nextcloud.com\\\/es\\\/#organization\",\"name\":\"Nextcloud\",\"url\":\"https:\\\/\\\/staging.nextcloud.com\\\/es\\\/\",\"logo\":{\"@type\":\"ImageObject\",\"inLanguage\":\"es\",\"@id\":\"https:\\\/\\\/staging.nextcloud.com\\\/es\\\/#\\\/schema\\\/logo\\\/image\\\/\",\"url\":\"https:\\\/\\\/staging.nextcloud.com\\\/c\\\/uploads\\\/2022\\\/10\\\/nextcloud-logo-blue-transparent.svg\",\"contentUrl\":\"https:\\\/\\\/staging.nextcloud.com\\\/c\\\/uploads\\\/2022\\\/10\\\/nextcloud-logo-blue-transparent.svg\",\"width\":\"1024\",\"height\":\"1024\",\"caption\":\"Nextcloud\"},\"image\":{\"@id\":\"https:\\\/\\\/staging.nextcloud.com\\\/es\\\/#\\\/schema\\\/logo\\\/image\\\/\"},\"sameAs\":[\"https:\\\/\\\/www.facebook.com\\\/Nextclouders\\\/\",\"https:\\\/\\\/x.com\\\/nextclouders\",\"https:\\\/\\\/www.linkedin.com\\\/company\\\/10827569\\\/\",\"https:\\\/\\\/youtube.com\\\/nextcloud\",\"https:\\\/\\\/www.instagram.com\\\/nextclouders\\\/\"]}]}<\/script>\n<!-- \/ Yoast SEO plugin. -->","yoast_head_json":{"title":"C\u00f3mo compartir - Nextcloud","robots":{"index":"noindex","follow":"follow","max-snippet":"max-snippet:-1","max-image-preview":"max-image-preview:large","max-video-preview":"max-video-preview:-1"},"og_locale":"es_ES","og_type":"article","og_title":"C\u00f3mo compartir - Nextcloud","og_url":"https:\/\/staging.nextcloud.com\/es\/como-compartir\/","og_site_name":"Nextcloud","article_publisher":"https:\/\/www.facebook.com\/Nextclouders\/","article_modified_time":"2022-10-20T14:20:01+00:00","twitter_card":"summary_large_image","twitter_site":"@nextclouders","schema":{"@context":"https:\/\/schema.org","@graph":[{"@type":"WebPage","@id":"https:\/\/staging.nextcloud.com\/es\/como-compartir\/","url":"https:\/\/staging.nextcloud.com\/es\/como-compartir\/","name":"C\u00f3mo compartir - Nextcloud","isPartOf":{"@id":"https:\/\/staging.nextcloud.com\/es\/#website"},"datePublished":"2022-04-06T17:08:04+00:00","dateModified":"2022-10-20T14:20:01+00:00","breadcrumb":{"@id":"https:\/\/staging.nextcloud.com\/es\/como-compartir\/#breadcrumb"},"inLanguage":"es","potentialAction":[{"@type":"ReadAction","target":["https:\/\/staging.nextcloud.com\/es\/como-compartir\/"]}]},{"@type":"BreadcrumbList","@id":"https:\/\/staging.nextcloud.com\/es\/como-compartir\/#breadcrumb","itemListElement":[{"@type":"ListItem","position":1,"name":"Home","item":"https:\/\/staging.nextcloud.com\/es\/"},{"@type":"ListItem","position":2,"name":"C\u00f3mo compartir"}]},{"@type":"WebSite","@id":"https:\/\/staging.nextcloud.com\/es\/#website","url":"https:\/\/staging.nextcloud.com\/es\/","name":"Nextcloud","description":"Regain control over your data","publisher":{"@id":"https:\/\/staging.nextcloud.com\/es\/#organization"},"potentialAction":[{"@type":"SearchAction","target":{"@type":"EntryPoint","urlTemplate":"https:\/\/staging.nextcloud.com\/es\/?s={search_term_string}"},"query-input":{"@type":"PropertyValueSpecification","valueRequired":true,"valueName":"search_term_string"}}],"inLanguage":"es"},{"@type":"Organization","@id":"https:\/\/staging.nextcloud.com\/es\/#organization","name":"Nextcloud","url":"https:\/\/staging.nextcloud.com\/es\/","logo":{"@type":"ImageObject","inLanguage":"es","@id":"https:\/\/staging.nextcloud.com\/es\/#\/schema\/logo\/image\/","url":"https:\/\/staging.nextcloud.com\/c\/uploads\/2022\/10\/nextcloud-logo-blue-transparent.svg","contentUrl":"https:\/\/staging.nextcloud.com\/c\/uploads\/2022\/10\/nextcloud-logo-blue-transparent.svg","width":"1024","height":"1024","caption":"Nextcloud"},"image":{"@id":"https:\/\/staging.nextcloud.com\/es\/#\/schema\/logo\/image\/"},"sameAs":["https:\/\/www.facebook.com\/Nextclouders\/","https:\/\/x.com\/nextclouders","https:\/\/www.linkedin.com\/company\/10827569\/","https:\/\/youtube.com\/nextcloud","https:\/\/www.instagram.com\/nextclouders\/"]}]}},"_links":{"self":[{"href":"https:\/\/staging.nextcloud.com\/es\/wp-json\/wp\/v2\/pages\/71938","targetHints":{"allow":["GET"]}}],"collection":[{"href":"https:\/\/staging.nextcloud.com\/es\/wp-json\/wp\/v2\/pages"}],"about":[{"href":"https:\/\/staging.nextcloud.com\/es\/wp-json\/wp\/v2\/types\/page"}],"author":[{"embeddable":true,"href":"https:\/\/staging.nextcloud.com\/es\/wp-json\/wp\/v2\/users\/2"}],"replies":[{"embeddable":true,"href":"https:\/\/staging.nextcloud.com\/es\/wp-json\/wp\/v2\/comments?post=71938"}],"version-history":[{"count":3,"href":"https:\/\/staging.nextcloud.com\/es\/wp-json\/wp\/v2\/pages\/71938\/revisions"}],"predecessor-version":[{"id":72036,"href":"https:\/\/staging.nextcloud.com\/es\/wp-json\/wp\/v2\/pages\/71938\/revisions\/72036"}],"wp:attachment":[{"href":"https:\/\/staging.nextcloud.com\/es\/wp-json\/wp\/v2\/media?parent=71938"}],"wp:term":[{"taxonomy":"post_tag","embeddable":true,"href":"https:\/\/staging.nextcloud.com\/es\/wp-json\/wp\/v2\/tags?post=71938"}],"curies":[{"name":"wp","href":"https:\/\/api.w.org\/{rel}","templated":true}]}}