{"id":71927,"date":"2022-04-07T13:58:59","date_gmt":"2022-04-07T11:58:59","guid":{"rendered":"https:\/\/nextcloud.com\/compara\/"},"modified":"2022-10-20T16:20:01","modified_gmt":"2022-10-20T14:20:01","slug":"compara","status":"publish","type":"page","link":"https:\/\/staging.nextcloud.com\/es\/compara\/","title":{"rendered":"Compara"},"content":{"rendered":"<section class=\"page-hero-section gr\"><div class=\"container\">\r\n\t<div class=\"row\">\r\n\t\t<div class=\"col-lg-9\">\r\n\t\t\t<div class=\"section-title\">\r\n\t\t\t\t<h1>C\u00f3mo se eval\u00faa Nextcloud<\/h1><p>\u00bfPor qu\u00e9 Nextcloud es la plataforma de colaboraci\u00f3n de contenidos y EFSS autoalojada m\u00e1s popular?<\/p>\t\t\t<\/div>\r\n\t\t<\/div>\r\n\t<\/div>\r\n<\/div>\r\n<\/section><section class=\"solution-section\" id=\"\">\r\n\t<div class=\"container\">\r\n\t\t<div class=\"row\">\r\n\t\t\t<div class=\"col-12\">\r\n\t\t\t\t<div class=\"section-title\"><h2>Qu\u00e9 hace que Nextcloud sea la mejor opci\u00f3n<\/h2><\/div>\t\t\t<\/div>\r\n\t\t<\/div>\r\n\t\t<div class=\"row justify-content-center\">\r\n\t\t\t<div class=\"col-lg-4 spacer\"><div class=\"item-box box-1\"><img decoding=\"async\" src=\"https:\/\/staging.nextcloud.com\/wp-content\/uploads\/2022\/03\/icon46.svg\" alt=\"\"\/><h4>La mejor seguridad<\/h4><p>Nextcloud se ha desarrollado en un proceso centrado en la seguridad, como atestiguan una serie de expertos externos y pruebas de seguridad.<\/p>\n<p>Entre las caracter\u00edsticas m\u00e1s destacadas del sector se encuentran la protecci\u00f3n de inicio de sesi\u00f3n basada en el aprendizaje autom\u00e1tico, las medidas de autenticaci\u00f3n de 2 factores, la protecci\u00f3n contra la fuerza bruta y funciones \u00fanicas como la verificaci\u00f3n por v\u00eddeo y el cifrado de extremo a extremo y del lado del servidor.<\/p>\n<p>Ponemos nuestro dinero donde est\u00e1 nuestra boca: nuestro programa de recompensas por errores de seguridad de 10.000 d\u00f3lares aporta los mejores expertos en seguridad, manteniendo sus datos a salvo.<\/p>\n<\/div><\/div><div class=\"col-lg-4 spacer\"><div class=\"item-box box-2\"><img decoding=\"async\" src=\"https:\/\/staging.nextcloud.com\/wp-content\/uploads\/2022\/03\/icon43.svg\" alt=\"\"\/><h4>El mayor ecosistema<\/h4><p>Al ser la plataforma de sincronizaci\u00f3n de archivos y colaboraci\u00f3n de contenidos autoalojada m\u00e1s implantada, Nextcloud ofrece la m\u00e1s amplia gama de capacidades e integraciones adicionales del sector. M\u00e1s de 200 \u00abapps\u00bb ofrecen potentes capacidades de seguridad, funciones de productividad en equipo e integraciones de infraestructura.<\/p>\n<p>Con Nextcloud puede eliminar el confuso l\u00edo de las diferentes plataformas SaaS y los problemas de seguridad, coste, cumplimiento y productividad que conllevan.<\/p>\n<\/div><\/div><div class=\"col-lg-4 spacer\"><div class=\"item-box box-1\"><img decoding=\"async\" src=\"https:\/\/staging.nextcloud.com\/wp-content\/uploads\/2022\/03\/icon35.svg\" alt=\"\"\/><h4>M\u00e1s f\u00e1cil de usar<\/h4><p> Las potentes capacidades suelen dar lugar a complicadas interfaces de usuario, lo que reduce la productividad y dificulta la r\u00e1pida adopci\u00f3n en las organizaciones. Sin limitar sus capacidades, Nextcloud no abruma a los usuarios con un desorden innecesario. Nuestros clientes comentan una y otra vez la escasa cantidad de tickets de soporte que genera para sus equipos de TI.<\/p>\n<p>Las funciones de accesibilidad, como la navegaci\u00f3n con teclado y lector de pantalla, el contraste conforme a la norma WCAG 2.1 y una fuente adaptada a la dislexia, s\u00f3lo est\u00e1n disponibles en el l\u00edder de la colaboraci\u00f3n de contenidos en las instalaciones. <\/p>\n<\/div><\/div>\t\t<\/div>\r\n\t<\/div>\r\n<\/section>\n<h2 class=\"has-text-align-center wp-block-heading\">C\u00f3mo nos comportamos<\/h2>\n<section class=\"post-single-section\">\n\t<div class=\"container\">\n\t\t<div class=\"row\">\n\t\t\t<div class=\"col-lg-12\">\n\t\t\t\t<div class=\"text-block \">\n\t\t\t\t\t<p><img decoding=\"async\" class=\"wp-image-13165 size-full aligncenter\" src=\"https:\/\/nextcloud.com\/wp-content\/uploads\/2022\/04\/screencapture-nextcloud-compare-2022-04-08-22_11_36.png\" alt=\"\" width=\"1560\" height=\"6002\" srcset=\"https:\/\/staging.nextcloud.com\/wp-content\/uploads\/2022\/04\/screencapture-nextcloud-compare-2022-04-08-22_11_36.png 1560w, https:\/\/staging.nextcloud.com\/wp-content\/uploads\/2022\/04\/screencapture-nextcloud-compare-2022-04-08-22_11_36-78x300.png 78w, https:\/\/staging.nextcloud.com\/wp-content\/uploads\/2022\/04\/screencapture-nextcloud-compare-2022-04-08-22_11_36-266x1024.png 266w, https:\/\/staging.nextcloud.com\/wp-content\/uploads\/2022\/04\/screencapture-nextcloud-compare-2022-04-08-22_11_36-768x2955.png 768w, https:\/\/staging.nextcloud.com\/wp-content\/uploads\/2022\/04\/screencapture-nextcloud-compare-2022-04-08-22_11_36-399x1536.png 399w, https:\/\/staging.nextcloud.com\/wp-content\/uploads\/2022\/04\/screencapture-nextcloud-compare-2022-04-08-22_11_36-532x2048.png 532w\" sizes=\"(max-width: 1560px) 100vw, 1560px\" \/><\/p>\n\t\t\t\t<\/div>\n\t\t\t<\/div>\n\t\t<\/div>\n\t<\/div>\n<\/section><section class=\"post-single-section\">\n\t<div class=\"container\">\n\t\t<div class=\"row\">\n\t\t\t<div class=\"col-lg-12\">\n\t\t\t\t<div class=\"text-block \">\n\t\t\t\t\t<p>Based on public information to our best knowledge, gathered July 1, 2021. We understand the world is constantly changing, if you see we missed a feature or made a mistake, let us know. You can use\u00a0<a href=\"https:\/\/nextcloud.com\/contact\/\">our contact form.<\/a><\/p>\n<p>Note that end-to-end encryption in a browser is not the same as client-side encryption as it fails to protect adequately from the server (it does not offer &#8216;zero-knowledge&#8217; protection). Security experts consider javascript encryption in the browser \u00abharmful\u00bb.<\/p>\n\t\t\t\t<\/div>\n\t\t\t<\/div>\n\t\t<\/div>\n\t<\/div>\n<\/section><section class=\"img-cols-section \" id=\"\">\n\t<div class=\"container\">\n\t\t<div class=\"row\"><div class=\"col-12\"><div class=\"section-title\"><h2>Compru\u00e9belo usted mismo.<\/h2><p>Nextcloud es el mejor valorado entre muchos de nuestros competidores en los principales sitios de plataformas de valoraci\u00f3n.<\/p>\n<\/div><\/div><\/div>\t\t<div class=\"row\"><div class=\"col-lg-3 spacer\"><div class=\"img-col-block center-it\"><p><a href=\"https:\/\/www.capterra.com\/p\/161572\/NextCloud\/\" rel=\"noopener\" target=\"_blank\">Nextcloud on Capterra!<\/a><\/p>\n<\/div><\/div><div class=\"col-lg-3 spacer\"><div class=\"img-col-block center-it\"><p><a href=\"https:\/\/www.getapp.com\/collaboration-software\/a\/nextcloud\/\" rel=\"noopener\" target=\"_blank\">Nextcloud on GetApp!<\/a><\/p>\n<\/div><\/div><div class=\"col-lg-3 spacer\"><div class=\"img-col-block center-it\"><p><a href=\"https:\/\/www.softwareadvice.com\/file-sharing\/nextcloud-profile\/\" rel=\"noopener\" target=\"_blank\">Nextcloud on Software Advice!<\/a><\/p>\n<\/div><\/div><div class=\"col-lg-3 spacer\"><div class=\"img-col-block center-it\"><p><!-- Begin SF Tag --><\/p>\n<div class=\"sf-root\" data-id=\"2973658\" data-badge=\"dark-default\" data-variant-id=\"sf\" style=\"width:200px\">\n    <a href=\"https:\/\/sourceforge.net\/software\/product\/NextCloud\/\" target=\"_blank\">Nextcloud Reviews<\/a>\n<\/div>\n<p><script>(function () {var sc=document.createElement('script');sc.async=true;sc.src='https:\/\/b.sf-syn.com\/badge_js?sf_id=2973658&variant_id=sf';var p=document.getElementsByTagName('script')[0];p.parentNode.insertBefore(sc, p);})();\n<\/script><br \/>\n<!-- End SF Tag --><\/p>\n<p><a href=\"https:\/\/sourceforge.net\/software\/product\/NextCloud\/\" rel=\"noopener\" target=\"_blank\">Nextcloud on SourceForge!<\/a><\/p>\n<\/div><\/div><div class=\"col-lg-3 spacer\"><div class=\"img-col-block center-it\"><p><a title=\"Users love Nextcloud on G2\" href=\"https:\/\/www.g2.com\/products\/nextcloud\/reviews?utm_source=rewards-badge\"><img decoding=\"async\" style=\"width: 125px;\" alt=\"Users love Nextcloud on G2\" src=\"https:\/\/www.g2.com\/assets\/product-badges\/users-love-us-4fca521cb6d80c30d02e3df6bd0013f5395fb3ae22e81b3e3608e258d8feba63.svg\" \/><\/a><script>(function(a,b,c,d){window.fetch(\"https:\/\/www.g2.com\/products\/nextcloud\/rating_schema.json\").then(e=>e.json()).then(f=>{c=a.createElement(b);c.type=\"application\/ld+json\";c.text=JSON.stringify(f);d=a.getElementsByTagName(b)[0];d.parentNode.insertBefore(c,d);});})(document,\"script\");<\/script><\/p>\n<p><a href=\"https:\/\/www.g2.com\/search?utf8=%E2%9C%93&#038;query=Nextcloud&#038;button=\" rel=\"noopener\" target=\"_blank\">Nextcloud on G2!<\/a><\/p>\n<\/div><\/div><\/div>\t<\/div>\n<\/section>","protected":false},"excerpt":{"rendered":"<p>C\u00f3mo nos comportamos<\/p>\n","protected":false},"author":2,"featured_media":0,"parent":0,"menu_order":0,"comment_status":"closed","ping_status":"closed","template":"","meta":{"_acf_changed":false,"inline_featured_image":false,"footnotes":""},"tags":[],"class_list":["post-71927","page","type-page","status-publish","hentry"],"acf":[],"yoast_head":"<!-- This site is optimized with the Yoast SEO plugin v26.3 - https:\/\/yoast.com\/wordpress\/plugins\/seo\/ -->\n<title>Compara - Nextcloud<\/title>\n<meta name=\"robots\" content=\"noindex, follow, max-snippet:-1, max-image-preview:large, max-video-preview:-1\" \/>\n<meta property=\"og:locale\" content=\"es_ES\" \/>\n<meta property=\"og:type\" content=\"article\" \/>\n<meta property=\"og:title\" content=\"Compara - Nextcloud\" \/>\n<meta property=\"og:description\" content=\"C\u00f3mo nos comportamos\" \/>\n<meta property=\"og:url\" content=\"https:\/\/staging.nextcloud.com\/es\/compara\/\" \/>\n<meta property=\"og:site_name\" content=\"Nextcloud\" \/>\n<meta property=\"article:publisher\" content=\"https:\/\/www.facebook.com\/Nextclouders\/\" \/>\n<meta property=\"article:modified_time\" content=\"2022-10-20T14:20:01+00:00\" \/>\n<meta name=\"twitter:card\" content=\"summary_large_image\" \/>\n<meta name=\"twitter:site\" content=\"@nextclouders\" \/>\n<script type=\"application\/ld+json\" class=\"yoast-schema-graph\">{\"@context\":\"https:\/\/schema.org\",\"@graph\":[{\"@type\":\"WebPage\",\"@id\":\"https:\/\/staging.nextcloud.com\/es\/compara\/\",\"url\":\"https:\/\/staging.nextcloud.com\/es\/compara\/\",\"name\":\"Compara - Nextcloud\",\"isPartOf\":{\"@id\":\"https:\/\/staging.nextcloud.com\/es\/#website\"},\"datePublished\":\"2022-04-07T11:58:59+00:00\",\"dateModified\":\"2022-10-20T14:20:01+00:00\",\"breadcrumb\":{\"@id\":\"https:\/\/staging.nextcloud.com\/es\/compara\/#breadcrumb\"},\"inLanguage\":\"es\",\"potentialAction\":[{\"@type\":\"ReadAction\",\"target\":[\"https:\/\/staging.nextcloud.com\/es\/compara\/\"]}]},{\"@type\":\"BreadcrumbList\",\"@id\":\"https:\/\/staging.nextcloud.com\/es\/compara\/#breadcrumb\",\"itemListElement\":[{\"@type\":\"ListItem\",\"position\":1,\"name\":\"Home\",\"item\":\"https:\/\/staging.nextcloud.com\/es\/\"},{\"@type\":\"ListItem\",\"position\":2,\"name\":\"Compara\"}]},{\"@type\":\"WebSite\",\"@id\":\"https:\/\/staging.nextcloud.com\/es\/#website\",\"url\":\"https:\/\/staging.nextcloud.com\/es\/\",\"name\":\"Nextcloud\",\"description\":\"Regain control over your data\",\"publisher\":{\"@id\":\"https:\/\/staging.nextcloud.com\/es\/#organization\"},\"potentialAction\":[{\"@type\":\"SearchAction\",\"target\":{\"@type\":\"EntryPoint\",\"urlTemplate\":\"https:\/\/staging.nextcloud.com\/es\/?s={search_term_string}\"},\"query-input\":{\"@type\":\"PropertyValueSpecification\",\"valueRequired\":true,\"valueName\":\"search_term_string\"}}],\"inLanguage\":\"es\"},{\"@type\":\"Organization\",\"@id\":\"https:\/\/staging.nextcloud.com\/es\/#organization\",\"name\":\"Nextcloud\",\"url\":\"https:\/\/staging.nextcloud.com\/es\/\",\"logo\":{\"@type\":\"ImageObject\",\"inLanguage\":\"es\",\"@id\":\"https:\/\/staging.nextcloud.com\/es\/#\/schema\/logo\/image\/\",\"url\":\"https:\/\/staging.nextcloud.com\/c\/uploads\/2022\/10\/nextcloud-logo-blue-transparent.svg\",\"contentUrl\":\"https:\/\/staging.nextcloud.com\/c\/uploads\/2022\/10\/nextcloud-logo-blue-transparent.svg\",\"width\":\"1024\",\"height\":\"1024\",\"caption\":\"Nextcloud\"},\"image\":{\"@id\":\"https:\/\/staging.nextcloud.com\/es\/#\/schema\/logo\/image\/\"},\"sameAs\":[\"https:\/\/www.facebook.com\/Nextclouders\/\",\"https:\/\/x.com\/nextclouders\",\"https:\/\/www.linkedin.com\/company\/10827569\/\",\"https:\/\/youtube.com\/nextcloud\",\"https:\/\/www.instagram.com\/nextclouders\/\"]}]}<\/script>\n<!-- \/ Yoast SEO plugin. -->","yoast_head_json":{"title":"Compara - Nextcloud","robots":{"index":"noindex","follow":"follow","max-snippet":"max-snippet:-1","max-image-preview":"max-image-preview:large","max-video-preview":"max-video-preview:-1"},"og_locale":"es_ES","og_type":"article","og_title":"Compara - Nextcloud","og_description":"C\u00f3mo nos comportamos","og_url":"https:\/\/staging.nextcloud.com\/es\/compara\/","og_site_name":"Nextcloud","article_publisher":"https:\/\/www.facebook.com\/Nextclouders\/","article_modified_time":"2022-10-20T14:20:01+00:00","twitter_card":"summary_large_image","twitter_site":"@nextclouders","schema":{"@context":"https:\/\/schema.org","@graph":[{"@type":"WebPage","@id":"https:\/\/staging.nextcloud.com\/es\/compara\/","url":"https:\/\/staging.nextcloud.com\/es\/compara\/","name":"Compara - Nextcloud","isPartOf":{"@id":"https:\/\/staging.nextcloud.com\/es\/#website"},"datePublished":"2022-04-07T11:58:59+00:00","dateModified":"2022-10-20T14:20:01+00:00","breadcrumb":{"@id":"https:\/\/staging.nextcloud.com\/es\/compara\/#breadcrumb"},"inLanguage":"es","potentialAction":[{"@type":"ReadAction","target":["https:\/\/staging.nextcloud.com\/es\/compara\/"]}]},{"@type":"BreadcrumbList","@id":"https:\/\/staging.nextcloud.com\/es\/compara\/#breadcrumb","itemListElement":[{"@type":"ListItem","position":1,"name":"Home","item":"https:\/\/staging.nextcloud.com\/es\/"},{"@type":"ListItem","position":2,"name":"Compara"}]},{"@type":"WebSite","@id":"https:\/\/staging.nextcloud.com\/es\/#website","url":"https:\/\/staging.nextcloud.com\/es\/","name":"Nextcloud","description":"Regain control over your data","publisher":{"@id":"https:\/\/staging.nextcloud.com\/es\/#organization"},"potentialAction":[{"@type":"SearchAction","target":{"@type":"EntryPoint","urlTemplate":"https:\/\/staging.nextcloud.com\/es\/?s={search_term_string}"},"query-input":{"@type":"PropertyValueSpecification","valueRequired":true,"valueName":"search_term_string"}}],"inLanguage":"es"},{"@type":"Organization","@id":"https:\/\/staging.nextcloud.com\/es\/#organization","name":"Nextcloud","url":"https:\/\/staging.nextcloud.com\/es\/","logo":{"@type":"ImageObject","inLanguage":"es","@id":"https:\/\/staging.nextcloud.com\/es\/#\/schema\/logo\/image\/","url":"https:\/\/staging.nextcloud.com\/c\/uploads\/2022\/10\/nextcloud-logo-blue-transparent.svg","contentUrl":"https:\/\/staging.nextcloud.com\/c\/uploads\/2022\/10\/nextcloud-logo-blue-transparent.svg","width":"1024","height":"1024","caption":"Nextcloud"},"image":{"@id":"https:\/\/staging.nextcloud.com\/es\/#\/schema\/logo\/image\/"},"sameAs":["https:\/\/www.facebook.com\/Nextclouders\/","https:\/\/x.com\/nextclouders","https:\/\/www.linkedin.com\/company\/10827569\/","https:\/\/youtube.com\/nextcloud","https:\/\/www.instagram.com\/nextclouders\/"]}]}},"_links":{"self":[{"href":"https:\/\/staging.nextcloud.com\/es\/wp-json\/wp\/v2\/pages\/71927","targetHints":{"allow":["GET"]}}],"collection":[{"href":"https:\/\/staging.nextcloud.com\/es\/wp-json\/wp\/v2\/pages"}],"about":[{"href":"https:\/\/staging.nextcloud.com\/es\/wp-json\/wp\/v2\/types\/page"}],"author":[{"embeddable":true,"href":"https:\/\/staging.nextcloud.com\/es\/wp-json\/wp\/v2\/users\/2"}],"replies":[{"embeddable":true,"href":"https:\/\/staging.nextcloud.com\/es\/wp-json\/wp\/v2\/comments?post=71927"}],"version-history":[{"count":3,"href":"https:\/\/staging.nextcloud.com\/es\/wp-json\/wp\/v2\/pages\/71927\/revisions"}],"predecessor-version":[{"id":72024,"href":"https:\/\/staging.nextcloud.com\/es\/wp-json\/wp\/v2\/pages\/71927\/revisions\/72024"}],"wp:attachment":[{"href":"https:\/\/staging.nextcloud.com\/es\/wp-json\/wp\/v2\/media?parent=71927"}],"wp:term":[{"taxonomy":"post_tag","embeddable":true,"href":"https:\/\/staging.nextcloud.com\/es\/wp-json\/wp\/v2\/tags?post=71927"}],"curies":[{"name":"wp","href":"https:\/\/api.w.org\/{rel}","templated":true}]}}