{"id":71923,"date":"2022-04-07T14:00:36","date_gmt":"2022-04-07T12:00:36","guid":{"rendered":"https:\/\/nextcloud.com\/escala-global\/"},"modified":"2022-10-20T16:20:17","modified_gmt":"2022-10-20T14:20:17","slug":"escala-global","status":"publish","type":"page","link":"https:\/\/staging.nextcloud.com\/es\/escala-global\/","title":{"rendered":"Escala global"},"content":{"rendered":"<section class=\"page-hero-section gr\"><div class=\"container\">\r\n\t<div class=\"row\">\r\n\t\t<div class=\"col-lg-9\">\r\n\t\t\t<div class=\"section-title\">\r\n\t\t\t\t<h1>Escala global<\/h1><p>Escalabilidad extrema a coste de producto b\u00e1sico<\/p>\t\t\t<\/div>\r\n\t\t<\/div>\r\n\t<\/div>\r\n<\/div>\r\n<\/section><section class=\"columns6-section\" id=\"\">\r\n\t<div class=\"container\">\r\n\t\t<div class=\"row spacer align-items-center\"><div class=\"col-lg-6 order-lg-1\"><div class=\"col-slider\"><div><div class=\"video-block\"><iframe src=\"https:\/\/player.vimeo.com\/video\/556895226?badge=0&amp;autopause=0&amp;player_id=0&amp;app_id=58479\" frameborder=\"0\" allow=\"autoplay; fullscreen; picture-in-picture\" allowfullscreen=\"\" title=\"Nextcloud Global Scale\"><\/iframe><\/div><\/div><\/div><\/div><div class=\"col-lg-6 order-lg-0\"><div class=\"text-block\"><div class=\"mobile-media\"><div class=\"col-slider\"><div><div class=\"video-block\"><iframe src=\"https:\/\/player.vimeo.com\/video\/556895226?badge=0&amp;autopause=0&amp;player_id=0&amp;app_id=58479\" frameborder=\"0\" allow=\"autoplay; fullscreen; picture-in-picture\" allowfullscreen=\"\" title=\"Nextcloud Global Scale\"><\/iframe><\/div><\/div><\/div><\/div><p>Nextcloud Global Scale ofrece una soluci\u00f3n verdaderamente escalable a nivel mundial para implantaciones con cientos de millones de usuarios, proporcionando un control sin precedentes sobre la localizaci\u00f3n de los datos y ofreciendo una reducci\u00f3n dr\u00e1stica de los costes<\/p>\n<\/div><\/div><\/div>\t<\/div>\r\n<\/section><section class=\"squote-section\" id=\"\">\r\n\t<div class=\"container\">\r\n\t\t<div class=\"row align-items-center\">\r\n\t\t\t<div class=\"col-lg-6 order-lg-2\">\r\n\t\t\t\t<div class=\"text-block\">\r\n\t\t\t\t\t<div class=\"quote-block\"><p>Global Scale ha estado en producci\u00f3n desde 2017 en una configuraci\u00f3n comercial para decenas de millones de usuarios en 4 continentes. Varios otros clientes han desplegado o comenzado a experimentar con Global Scale en los \u00faltimos a\u00f1os.<\/p>\n<\/div><div class=\"rest\"><a href=\"https:\/\/nextcloud.com\/blog\/french-universities-and-research-organizations-get-nextcloud\/\" target=\"_self\">M\u00e1s informaci\u00f3n<\/a><\/div>\t\t\t\t<\/div>\r\n\t\t\t<\/div>\r\n\t\t\t<div class=\"order-lg-1 col-lg-6 \">\r\n\t\t\t\t<div class=\"image-block\">\r\n\t\t\t\t\t<img decoding=\"async\" src=\"https:\/\/staging.nextcloud.com\/wp-content\/uploads\/2022\/06\/global-scale-image-final-square.png\" alt=\"\"\/>\t\t\t\t<\/div>\r\n\t\t\t<\/div>\r\n\t\t<\/div>\r\n\t<\/div>\r\n<\/section><section class=\"post-single-section\">\n\t<div class=\"container\">\n\t\t<div class=\"row\">\n\t\t\t<div class=\"col-lg-12\">\n\t\t\t\t<div class=\"text-block \">\n\t\t\t\t\t<p>Learn more about our\u00a0<a class=\"hyperlink\" href=\"https:\/\/nextcloud.com\/blog\/nextcloud-and-collabora-scale-real-time-collaboration-to-hundreds-of-millions-of-users\/\">integration with Collabora Online<\/a>\u00a0and how\u00a0<a class=\"hyperlink\" href=\"https:\/\/nextcloud.com\/press\/pr20191016\/\">French universities experiment with Global Scale.<\/a><\/p>\n\t\t\t\t<\/div>\n\t\t\t<\/div>\n\t\t<\/div>\n\t<\/div>\n<\/section><section class=\"promo-section  \" id=\"\" style=\"\" data-expiration=\"\">\n\t<div class=\"container\">\n\t\t<div class=\"row\">\n\t\t\t<div class=\"col-12\">\n\t\t\t\t<div class=\"text-block\">\n\t\t\t\t\t<h2>Descargue nuestro libro blanco.<\/h2><a class=\"c-btn btn-white\" href=\"https:\/\/nextcloud.com\/whitepapers\/\" target=\"_blank\">Descargar aqu\u00ed<\/a>\t\t\t\t<\/div>\n\t\t\t<\/div>\n\t\t<\/div>\n\t<\/div>\n<\/section>\n<section class=\"columns6-section\" id=\"\">\r\n\t<div class=\"container\">\r\n\t\t<div class=\"row spacer align-items-center\"><div class=\"col-lg-6 order-lg-1\"><div class=\"col-slider\"><div><\/div><\/div><\/div><div class=\"col-lg-6 order-lg-0\"><div class=\"text-block\"><h3>Ir \u00f3rdenes de magnitud m\u00e1s all\u00e1<\/h3><div class=\"mobile-media\"><div class=\"col-slider\"><div><\/div><\/div><\/div><p>Es dif\u00edcil escalar las t\u00edpicas arquitecturas de sincronizaci\u00f3n y compartici\u00f3n de archivos locales a m\u00e1s de cien mil usuarios. Los componentes compartidos como el almacenamiento, la base de datos y los equilibradores de carga se convierten en costosos cuellos de botella.<br \/>\nNextcloud Global Scale est\u00e1 dise\u00f1ado para escalar a cientos de millones de usuarios.<\/p>\n<\/div><\/div><\/div><div class=\"row spacer align-items-center\"><div class=\"col-lg-6 order-lg-0\"><div class=\"col-slider\"><div><\/div><\/div><\/div><div class=\"col-lg-6 order-lg-1\"><div class=\"text-block\"><h3>Transforme su estructura de costes<\/h3><div class=\"mobile-media\"><div class=\"col-slider\"><div><\/div><\/div><\/div><p>A escala de petabytes, los costes de almacenamiento se disparan. Los costes de las licencias de las bases de datos aumentan exponencialmente en el extremo superior y el almacenamiento en cach\u00e9 y los equilibradores de carga de hardware baloan el coste total de propiedad de las grandes implantaciones de nubes privadas.<\/p>\n<p>Nextcloud Global Scale permite el despliegue en hardware y software b\u00e1sicos, reduciendo dr\u00e1sticamente los costes de los grandes sistemas.<\/p>\n<\/div><\/div><\/div><div class=\"row spacer align-items-center\"><div class=\"col-lg-6 order-lg-1\"><div class=\"col-slider\"><div><\/div><\/div><\/div><div class=\"col-lg-6 order-lg-0\"><div class=\"text-block\"><h3>Ponga a punto su negocio<\/h3><div class=\"mobile-media\"><div class=\"col-slider\"><div><\/div><\/div><\/div><p>Las consideraciones legales, empresariales, de seguridad y de rendimiento exigen que los datos se sit\u00faen con precisi\u00f3n. La creaci\u00f3n de m\u00faltiples instancias independientes para lograr una baja latencia o mantener los datos en una jurisdicci\u00f3n espec\u00edfica aumenta los costes de gesti\u00f3n, la complejidad y los riesgos de seguridad.<\/p>\n<p>Nextcloud Global Scale distribuye los datos en varios centros de datos a la vez que act\u00faa como una instancia unificada para los usuarios y administradores.<\/p>\n<\/div><\/div><\/div>\t<\/div>\r\n<\/section><section class=\"promo-section  \" id=\"\" style=\"\" data-expiration=\"\">\n\t<div class=\"container\">\n\t\t<div class=\"row\">\n\t\t\t<div class=\"col-12\">\n\t\t\t\t<div class=\"text-block\">\n\t\t\t\t\t<h2>La pr\u00f3xima generaci\u00f3n<\/h2><p>Nextcloud Global Scale fue dise\u00f1ado para elevar la colaboraci\u00f3n empresarial a un nuevo nivel, superando las limitaciones en la construcci\u00f3n de soluciones de almacenamiento, sincronizaci\u00f3n y uso compartido de archivos a gran escala. Ofrece un importante ahorro de costes y una mayor flexibilidad.<br \/>\nMejore la productividad y la comunicaci\u00f3n mientras reduce los gastos operativos con la plataforma de colaboraci\u00f3n de contenidos m\u00e1s escalable.<\/p>\n<a class=\"c-btn btn-white\" href=\"https:\/\/nextcloud.com\/get-a-quote\/\" target=\"_self\">Contacto con nosotros<\/a>\t\t\t\t<\/div>\n\t\t\t<\/div>\n\t\t<\/div>\n\t<\/div>\n<\/section>\n<section class=\"img-cols-section \" id=\"\">\n\t<div class=\"container\">\n\t\t<div class=\"row\"><div class=\"col-12\"><div class=\"section-title\"><h2>C\u00f3mo funciona<\/h2><p>Nextcloud Global Scale funciona descentralizando los datos en nodos independientes e introduciendo tres nuevos componentes para gestionar la interacci\u00f3n entre servidores.<\/p>\n<\/div><\/div><\/div>\t\t<div class=\"row\"><div class=\"col-lg-6 spacer\"><div class=\"img-col-block\"><div class=\"the-img imageRoundShadow\"><a href=\"\" class=\"popup-screenshot-gal\" title=\"\"><\/a><\/div><h4 style=\"text-align: center;\">Decentralization<\/h4>\n<p style=\"text-align: center;\">We split users and their data over independent nodes, each of which runs on affordable, commodity hardware. Each would typically consist of a tuple of at least two machines which run Nextcloud with local storage, database and cache. They use central remote logging and authentication and can be managed easily through a technology like docker.<\/p>\n<\/div><\/div><div class=\"col-lg-6 spacer\"><div class=\"img-col-block\"><div class=\"the-img imageRoundShadow\"><a href=\"\" class=\"popup-screenshot-gal\" title=\"\"><\/a><\/div><h4 style=\"text-align: center;\">Global Site Selector<\/h4>\n<p style=\"text-align: center;\">The Global Site Selector redirects users to the right node at first login, whether the access is through Web, WebDAV or REST. It authenticates users through a central user directory, looks up their node and redirects them. The user saves the redirect locally to bypass the GSS in daily operation.<\/p>\n<\/div><\/div><\/div>\t<\/div>\n<\/section><section class=\"img-cols-section \" id=\"\">\n\t<div class=\"container\">\n\t\t\t\t<div class=\"row\"><div class=\"col-lg-6 spacer\"><div class=\"img-col-block\"><div class=\"the-img imageRoundShadow\"><a href=\"\" class=\"popup-screenshot-gal\" title=\"\"><\/a><\/div><h4 style=\"text-align: center;\">Lookup Server<\/h4>\n<p style=\"text-align: center;\">The Lookup Server stores the physical location of users and mediates sharing of data. It provides the user location, tracks Federated Sharing IDs and stores user metadata like QoS metrics.<\/p>\n<\/div><\/div><div class=\"col-lg-6 spacer\"><div class=\"img-col-block\"><div class=\"the-img imageRoundShadow\"><a href=\"\" class=\"popup-screenshot-gal\" title=\"\"><\/a><\/div><h4 style=\"text-align: center;\">Balancer<\/h4>\n<p style=\"text-align: center;\">The Balancer is responsible for monitoring the various nodes and their storage, cpu, ram and network utilization. It can mark nodes as online or offline and initiate the migration of user accounts to different nodes based on data in the Lookup Server like business or legal requirements, QoS settings or user location.<\/p>\n<\/div><\/div><\/div>\t<\/div>\n<\/section><section class=\"get-started-section\" id=\"\">\r\n\t<div class=\"container\">\r\n\t\t<div class=\"row justify-content-center\">\r\n\t\t\t<div class=\"col-lg-10\">\r\n\t\t\t\t<div class=\"text-block\">\r\n\t\t\t\t\t<h3>P\u00f3ngase en contacto con nosotros<\/h3><p>Consiga un nuevo nivel de escalabilidad, flexibilidad y rentabilidad. P\u00f3ngase en contacto con el departamento de ventas hoy mismo.<\/p>\n<a class=\"c-btn btn-white\" href=\"https:\/\/nextcloud.com\/get-a-quote\/\" target=\"_self\">Contactar con Nextcloud<\/a>\t\t\t\t<\/div>\r\n\t\t\t<\/div>\r\n\t\t<\/div>\r\n\t<\/div>\r\n<\/section>","protected":false},"excerpt":{"rendered":"","protected":false},"author":2,"featured_media":0,"parent":0,"menu_order":0,"comment_status":"closed","ping_status":"closed","template":"","meta":{"_acf_changed":false,"inline_featured_image":false,"footnotes":""},"tags":[],"class_list":["post-71923","page","type-page","status-publish","hentry"],"acf":[],"yoast_head":"<!-- This site is optimized with the Yoast SEO plugin v27.4 - https:\/\/yoast.com\/product\/yoast-seo-wordpress\/ -->\n<title>Escala global - Nextcloud<\/title>\n<meta name=\"robots\" content=\"noindex, follow, max-snippet:-1, max-image-preview:large, max-video-preview:-1\" \/>\n<meta property=\"og:locale\" content=\"es_ES\" \/>\n<meta property=\"og:type\" content=\"article\" \/>\n<meta property=\"og:title\" content=\"Escala global - Nextcloud\" \/>\n<meta property=\"og:url\" content=\"https:\/\/staging.nextcloud.com\/es\/escala-global\/\" \/>\n<meta property=\"og:site_name\" content=\"Nextcloud\" \/>\n<meta property=\"article:publisher\" content=\"https:\/\/www.facebook.com\/Nextclouders\/\" \/>\n<meta property=\"article:modified_time\" content=\"2022-10-20T14:20:17+00:00\" \/>\n<meta name=\"twitter:card\" content=\"summary_large_image\" \/>\n<meta name=\"twitter:site\" content=\"@nextclouders\" \/>\n<script type=\"application\/ld+json\" class=\"yoast-schema-graph\">{\"@context\":\"https:\\\/\\\/schema.org\",\"@graph\":[{\"@type\":\"WebPage\",\"@id\":\"https:\\\/\\\/staging.nextcloud.com\\\/es\\\/escala-global\\\/\",\"url\":\"https:\\\/\\\/staging.nextcloud.com\\\/es\\\/escala-global\\\/\",\"name\":\"Escala global - Nextcloud\",\"isPartOf\":{\"@id\":\"https:\\\/\\\/staging.nextcloud.com\\\/es\\\/#website\"},\"datePublished\":\"2022-04-07T12:00:36+00:00\",\"dateModified\":\"2022-10-20T14:20:17+00:00\",\"breadcrumb\":{\"@id\":\"https:\\\/\\\/staging.nextcloud.com\\\/es\\\/escala-global\\\/#breadcrumb\"},\"inLanguage\":\"es\",\"potentialAction\":[{\"@type\":\"ReadAction\",\"target\":[\"https:\\\/\\\/staging.nextcloud.com\\\/es\\\/escala-global\\\/\"]}]},{\"@type\":\"BreadcrumbList\",\"@id\":\"https:\\\/\\\/staging.nextcloud.com\\\/es\\\/escala-global\\\/#breadcrumb\",\"itemListElement\":[{\"@type\":\"ListItem\",\"position\":1,\"name\":\"Home\",\"item\":\"https:\\\/\\\/staging.nextcloud.com\\\/es\\\/\"},{\"@type\":\"ListItem\",\"position\":2,\"name\":\"Escala global\"}]},{\"@type\":\"WebSite\",\"@id\":\"https:\\\/\\\/staging.nextcloud.com\\\/es\\\/#website\",\"url\":\"https:\\\/\\\/staging.nextcloud.com\\\/es\\\/\",\"name\":\"Nextcloud\",\"description\":\"Regain control over your data\",\"publisher\":{\"@id\":\"https:\\\/\\\/staging.nextcloud.com\\\/es\\\/#organization\"},\"potentialAction\":[{\"@type\":\"SearchAction\",\"target\":{\"@type\":\"EntryPoint\",\"urlTemplate\":\"https:\\\/\\\/staging.nextcloud.com\\\/es\\\/?s={search_term_string}\"},\"query-input\":{\"@type\":\"PropertyValueSpecification\",\"valueRequired\":true,\"valueName\":\"search_term_string\"}}],\"inLanguage\":\"es\"},{\"@type\":\"Organization\",\"@id\":\"https:\\\/\\\/staging.nextcloud.com\\\/es\\\/#organization\",\"name\":\"Nextcloud\",\"url\":\"https:\\\/\\\/staging.nextcloud.com\\\/es\\\/\",\"logo\":{\"@type\":\"ImageObject\",\"inLanguage\":\"es\",\"@id\":\"https:\\\/\\\/staging.nextcloud.com\\\/es\\\/#\\\/schema\\\/logo\\\/image\\\/\",\"url\":\"https:\\\/\\\/staging.nextcloud.com\\\/c\\\/uploads\\\/2022\\\/10\\\/nextcloud-logo-blue-transparent.svg\",\"contentUrl\":\"https:\\\/\\\/staging.nextcloud.com\\\/c\\\/uploads\\\/2022\\\/10\\\/nextcloud-logo-blue-transparent.svg\",\"width\":\"1024\",\"height\":\"1024\",\"caption\":\"Nextcloud\"},\"image\":{\"@id\":\"https:\\\/\\\/staging.nextcloud.com\\\/es\\\/#\\\/schema\\\/logo\\\/image\\\/\"},\"sameAs\":[\"https:\\\/\\\/www.facebook.com\\\/Nextclouders\\\/\",\"https:\\\/\\\/x.com\\\/nextclouders\",\"https:\\\/\\\/www.linkedin.com\\\/company\\\/10827569\\\/\",\"https:\\\/\\\/youtube.com\\\/nextcloud\",\"https:\\\/\\\/www.instagram.com\\\/nextclouders\\\/\"]}]}<\/script>\n<!-- \/ Yoast SEO plugin. -->","yoast_head_json":{"title":"Escala global - Nextcloud","robots":{"index":"noindex","follow":"follow","max-snippet":"max-snippet:-1","max-image-preview":"max-image-preview:large","max-video-preview":"max-video-preview:-1"},"og_locale":"es_ES","og_type":"article","og_title":"Escala global - Nextcloud","og_url":"https:\/\/staging.nextcloud.com\/es\/escala-global\/","og_site_name":"Nextcloud","article_publisher":"https:\/\/www.facebook.com\/Nextclouders\/","article_modified_time":"2022-10-20T14:20:17+00:00","twitter_card":"summary_large_image","twitter_site":"@nextclouders","schema":{"@context":"https:\/\/schema.org","@graph":[{"@type":"WebPage","@id":"https:\/\/staging.nextcloud.com\/es\/escala-global\/","url":"https:\/\/staging.nextcloud.com\/es\/escala-global\/","name":"Escala global - Nextcloud","isPartOf":{"@id":"https:\/\/staging.nextcloud.com\/es\/#website"},"datePublished":"2022-04-07T12:00:36+00:00","dateModified":"2022-10-20T14:20:17+00:00","breadcrumb":{"@id":"https:\/\/staging.nextcloud.com\/es\/escala-global\/#breadcrumb"},"inLanguage":"es","potentialAction":[{"@type":"ReadAction","target":["https:\/\/staging.nextcloud.com\/es\/escala-global\/"]}]},{"@type":"BreadcrumbList","@id":"https:\/\/staging.nextcloud.com\/es\/escala-global\/#breadcrumb","itemListElement":[{"@type":"ListItem","position":1,"name":"Home","item":"https:\/\/staging.nextcloud.com\/es\/"},{"@type":"ListItem","position":2,"name":"Escala global"}]},{"@type":"WebSite","@id":"https:\/\/staging.nextcloud.com\/es\/#website","url":"https:\/\/staging.nextcloud.com\/es\/","name":"Nextcloud","description":"Regain control over your data","publisher":{"@id":"https:\/\/staging.nextcloud.com\/es\/#organization"},"potentialAction":[{"@type":"SearchAction","target":{"@type":"EntryPoint","urlTemplate":"https:\/\/staging.nextcloud.com\/es\/?s={search_term_string}"},"query-input":{"@type":"PropertyValueSpecification","valueRequired":true,"valueName":"search_term_string"}}],"inLanguage":"es"},{"@type":"Organization","@id":"https:\/\/staging.nextcloud.com\/es\/#organization","name":"Nextcloud","url":"https:\/\/staging.nextcloud.com\/es\/","logo":{"@type":"ImageObject","inLanguage":"es","@id":"https:\/\/staging.nextcloud.com\/es\/#\/schema\/logo\/image\/","url":"https:\/\/staging.nextcloud.com\/c\/uploads\/2022\/10\/nextcloud-logo-blue-transparent.svg","contentUrl":"https:\/\/staging.nextcloud.com\/c\/uploads\/2022\/10\/nextcloud-logo-blue-transparent.svg","width":"1024","height":"1024","caption":"Nextcloud"},"image":{"@id":"https:\/\/staging.nextcloud.com\/es\/#\/schema\/logo\/image\/"},"sameAs":["https:\/\/www.facebook.com\/Nextclouders\/","https:\/\/x.com\/nextclouders","https:\/\/www.linkedin.com\/company\/10827569\/","https:\/\/youtube.com\/nextcloud","https:\/\/www.instagram.com\/nextclouders\/"]}]}},"_links":{"self":[{"href":"https:\/\/staging.nextcloud.com\/es\/wp-json\/wp\/v2\/pages\/71923","targetHints":{"allow":["GET"]}}],"collection":[{"href":"https:\/\/staging.nextcloud.com\/es\/wp-json\/wp\/v2\/pages"}],"about":[{"href":"https:\/\/staging.nextcloud.com\/es\/wp-json\/wp\/v2\/types\/page"}],"author":[{"embeddable":true,"href":"https:\/\/staging.nextcloud.com\/es\/wp-json\/wp\/v2\/users\/2"}],"replies":[{"embeddable":true,"href":"https:\/\/staging.nextcloud.com\/es\/wp-json\/wp\/v2\/comments?post=71923"}],"version-history":[{"count":3,"href":"https:\/\/staging.nextcloud.com\/es\/wp-json\/wp\/v2\/pages\/71923\/revisions"}],"predecessor-version":[{"id":72020,"href":"https:\/\/staging.nextcloud.com\/es\/wp-json\/wp\/v2\/pages\/71923\/revisions\/72020"}],"wp:attachment":[{"href":"https:\/\/staging.nextcloud.com\/es\/wp-json\/wp\/v2\/media?parent=71923"}],"wp:term":[{"taxonomy":"post_tag","embeddable":true,"href":"https:\/\/staging.nextcloud.com\/es\/wp-json\/wp\/v2\/tags?post=71923"}],"curies":[{"name":"wp","href":"https:\/\/api.w.org\/{rel}","templated":true}]}}